{"id":2101,"date":"2018-02-19T13:09:18","date_gmt":"2018-02-19T12:09:18","guid":{"rendered":"https:\/\/www.safelift.se\/about\/"},"modified":"2023-03-03T16:25:25","modified_gmt":"2023-03-03T15:25:25","slug":"tietoja","status":"publish","type":"page","link":"https:\/\/www.safelift.se\/fi\/tietoja\/","title":{"rendered":"Tietoja Safeliftist\u00e4"},"content":{"rendered":"<p>[et_pb_section fb_built=&#8221;1&#8243; fullwidth=&#8221;on&#8221; _builder_version=&#8221;4.16&#8243; global_colors_info=&#8221;{}&#8221;][et_pb_fullwidth_header header_fullscreen=&#8221;on&#8221; header_scroll_down=&#8221;on&#8221; scroll_down_icon=&#8221;%%1%%&#8221; module_class=&#8221;makedark&#8221; _builder_version=&#8221;4.16&#8243; background_color=&#8221;rgba(255, 255, 255, 0)&#8221; background_image=&#8221;https:\/\/www.safelift.se\/wp-content\/uploads\/180116_safelift_fjl_270.jpg&#8221; parallax=&#8221;on&#8221; parallax_method=&#8221;on&#8221; background_layout=&#8221;light&#8221; global_colors_info=&#8221;{}&#8221; button_one_text_size__hover_enabled=&#8221;off&#8221; button_one_text_size__hover=&#8221;null&#8221; button_two_text_size__hover_enabled=&#8221;off&#8221; button_two_text_size__hover=&#8221;null&#8221; button_one_text_color__hover_enabled=&#8221;off&#8221; button_one_text_color__hover=&#8221;null&#8221; button_two_text_color__hover_enabled=&#8221;off&#8221; button_two_text_color__hover=&#8221;null&#8221; button_one_border_width__hover_enabled=&#8221;off&#8221; button_one_border_width__hover=&#8221;null&#8221; button_two_border_width__hover_enabled=&#8221;off&#8221; button_two_border_width__hover=&#8221;null&#8221; button_one_border_color__hover_enabled=&#8221;off&#8221; button_one_border_color__hover=&#8221;null&#8221; button_two_border_color__hover_enabled=&#8221;off&#8221; button_two_border_color__hover=&#8221;null&#8221; button_one_border_radius__hover_enabled=&#8221;off&#8221; button_one_border_radius__hover=&#8221;null&#8221; button_two_border_radius__hover_enabled=&#8221;off&#8221; button_two_border_radius__hover=&#8221;null&#8221; button_one_letter_spacing__hover_enabled=&#8221;off&#8221; button_one_letter_spacing__hover=&#8221;null&#8221; button_two_letter_spacing__hover_enabled=&#8221;off&#8221; button_two_letter_spacing__hover=&#8221;null&#8221; button_one_bg_color__hover_enabled=&#8221;off&#8221; button_one_bg_color__hover=&#8221;null&#8221; button_two_bg_color__hover_enabled=&#8221;off&#8221; button_two_bg_color__hover=&#8221;null&#8221;][\/et_pb_fullwidth_header][\/et_pb_section][et_pb_section fb_built=&#8221;1&#8243; _builder_version=&#8221;4.16&#8243; background_size=&#8221;contain&#8221; background_position=&#8221;top_left&#8221; global_colors_info=&#8221;{}&#8221;][et_pb_row column_structure=&#8221;1_2,1_2&#8243; _builder_version=&#8221;4.16&#8243; background_size=&#8221;initial&#8221; background_position=&#8221;top_left&#8221; background_repeat=&#8221;repeat&#8221; global_colors_info=&#8221;{}&#8221;][et_pb_column type=&#8221;1_2&#8243; _builder_version=&#8221;4.16&#8243; custom_padding=&#8221;|||&#8221; global_colors_info=&#8221;{}&#8221; custom_padding__hover=&#8221;|||&#8221;][et_pb_image src=&#8221;https:\/\/www.safelift.se\/wp-content\/uploads\/safelift-about.jpg&#8221; alt=&#8221;Pelarliftar fr\u00e5n Safelift&#8221; title_text=&#8221;Pelarliftar fr\u00e5n Safelift&#8221; align_tablet=&#8221;center&#8221; align_phone=&#8221;&#8221; align_last_edited=&#8221;on|desktop&#8221; _builder_version=&#8221;4.16&#8243; z_index_tablet=&#8221;500&#8243; box_shadow_horizontal_tablet=&#8221;0px&#8221; box_shadow_vertical_tablet=&#8221;0px&#8221; box_shadow_blur_tablet=&#8221;40px&#8221; box_shadow_spread_tablet=&#8221;0px&#8221; global_colors_info=&#8221;{}&#8221;][\/et_pb_image][\/et_pb_column][et_pb_column type=&#8221;1_2&#8243; _builder_version=&#8221;4.16&#8243; custom_padding=&#8221;|||&#8221; global_colors_info=&#8221;{}&#8221; custom_padding__hover=&#8221;|||&#8221;][et_pb_text _builder_version=&#8221;4.16&#8243; global_colors_info=&#8221;{}&#8221;]<\/p>\n<h1>Tietoja Safeliftist\u00e4<\/h1>\n<p>Safelift perustettiin vuonna 2010 tavoitteena korvata tikkaat monik\u00e4ytt\u00f6isill\u00e4 ja k\u00e4ytt\u00e4j\u00e4yst\u00e4v\u00e4llisill\u00e4 pylv\u00e4snostimilla, joilla ty\u00f6skentely korkealla sis\u00e4tiloissa on turvallista.<\/p>\n<p>Muutaman tuotekehitysvuoden j\u00e4lkeen toimme vuonna 2013 markkinoille kaksi mallia: <a href=\"https:\/\/www.safelift.se\/fi\/tuotteet\/pusharound\/\">PushAround<\/a> ja <a href=\"https:\/\/www.safelift.se\/fi\/tuotteet\/movearound\/\">MoveAround<\/a>. Molempien mallien ty\u00f6skentelykorkeus on 4,95 metri\u00e4. T\u00e4n\u00e4 p\u00e4iv\u00e4n\u00e4 toimitamme nostimia useisiin Euroopan maihin.<\/p>\n<p>Tuotekehitys ja kokoonpano suoritetaan tiloissamme V\u00e4xj\u00f6ss\u00e4, ja useimmat nostimen osat valmistetaan V\u00e4xj\u00f6n l\u00e4hettyvill\u00e4, mik\u00e4 antaa meille t\u00e4yden hallinnan toiminnan ja laadun osalta.<\/p>\n<p>Kaikki nostimemme t\u00e4ytt\u00e4v\u00e4t EU:n tiukat turvallisuusvaatimukset EY-direktiivin ja EN280-standardin mukaisesti. Nostimemme ovat CE-merkittyj\u00e4 n\u00e4iden vaatimusten mukaisesti.<\/p>\n<p>Safeliftin yksinkertaisuus ja helppo liikuteltavuus tekev\u00e4t siit\u00e4 kustannustehokkaan vaihtoehdon vastaaville nostimille markkinoilla.<\/p>\n<p><strong>Safelift \u2013 pylv\u00e4snostin turvalliseen ty\u00f6skentelyyn sis\u00e4tiloissa!<\/strong>[\/et_pb_text][et_pb_button button_url=&#8221;https:\/\/www.safelift.se\/wp-content\/uploads\/General-Terms-and-Conditions_Safelift.pdf&#8221; button_text=&#8221;General Terms and Conditions&#8221; _builder_version=&#8221;4.16&#8243; global_colors_info=&#8221;{}&#8221;][\/et_pb_button][\/et_pb_column][\/et_pb_row][\/et_pb_section][et_pb_section fb_built=&#8221;1&#8243; admin_label=&#8221;Advantages of Safelift&#8221; module_class=&#8221;graybg&#8221; _builder_version=&#8221;3.22&#8243; global_module=&#8221;2017&#8243; collapsed=&#8221;on&#8221; global_colors_info=&#8221;{}&#8221;][et_pb_row _builder_version=&#8221;4.16&#8243; background_size=&#8221;initial&#8221; background_position=&#8221;top_left&#8221; background_repeat=&#8221;repeat&#8221; custom_margin=&#8221;||0px|&#8221; custom_padding=&#8221;||0px|&#8221; global_colors_info=&#8221;{}&#8221;][et_pb_column type=&#8221;4_4&#8243; _builder_version=&#8221;4.16&#8243; custom_padding=&#8221;||0px|&#8221; global_colors_info=&#8221;{}&#8221; custom_padding__hover=&#8221;|||&#8221;][et_pb_text admin_label=&#8221;Advantages of Safelift (fi)&#8221; _builder_version=&#8221;4.16&#8243; global_colors_info=&#8221;{}&#8221;]<\/p>\n<h1>Safeliftin edut<\/h1>\n<p>[\/et_pb_text][\/et_pb_column][\/et_pb_row][et_pb_row column_structure=&#8221;1_3,1_3,1_3&#8243; make_equal=&#8221;on&#8221; module_class=&#8221;responsive-rows&#8221; _builder_version=&#8221;4.16&#8243; background_size=&#8221;initial&#8221; background_position=&#8221;top_left&#8221; background_repeat=&#8221;repeat&#8221; global_colors_info=&#8221;{}&#8221;][et_pb_column type=&#8221;1_3&#8243; _builder_version=&#8221;4.16&#8243; custom_padding=&#8221;|||&#8221; global_colors_info=&#8221;{}&#8221; custom_padding__hover=&#8221;|||&#8221;][et_pb_blurb title=&#8221;Turvallinen ty\u00f6skentely korkealla&#8221; use_icon=&#8221;on&#8221; font_icon=&#8221;&#xe0d9;||divi||400&#8243; icon_placement=&#8221;left&#8221; admin_label=&#8221;Safe work at height&#8221; _builder_version=&#8221;4.16&#8243; global_colors_info=&#8221;{}&#8221;]<\/p>\n<p>Safeliftill\u00e4 minimoit onnettomuusriskin ty\u00f6paikalla.<\/p>\n<p>[\/et_pb_blurb][\/et_pb_column][et_pb_column type=&#8221;1_3&#8243; _builder_version=&#8221;4.16&#8243; custom_padding=&#8221;|||&#8221; global_colors_info=&#8221;{}&#8221; custom_padding__hover=&#8221;|||&#8221;][et_pb_blurb title=&#8221;K\u00e4ytt\u00e4j\u00e4yst\u00e4v\u00e4llinen&#8221; use_icon=&#8221;on&#8221; font_icon=&#8221;&#xe0dd;||divi||400&#8243; icon_placement=&#8221;left&#8221; admin_label=&#8221;User friendly&#8221; _builder_version=&#8221;4.16&#8243; global_colors_info=&#8221;{}&#8221;]<\/p>\n<p>Koriin on helppo astua ja laittetta oppii k\u00e4ytt\u00e4m\u00e4\u00e4n nopeasti.<\/p>\n<p>[\/et_pb_blurb][\/et_pb_column][et_pb_column type=&#8221;1_3&#8243; _builder_version=&#8221;4.16&#8243; custom_padding=&#8221;|||&#8221; global_colors_info=&#8221;{}&#8221; custom_padding__hover=&#8221;|||&#8221;][et_pb_blurb title=&#8221;Helppo yll\u00e4pito&#8221; use_icon=&#8221;on&#8221; font_icon=&#8221;&#xe035;||divi||400&#8243; icon_placement=&#8221;left&#8221; admin_label=&#8221;Low-maintenance&#8221; _builder_version=&#8221;4.16&#8243; global_colors_info=&#8221;{}&#8221;]<\/p>\n<p>Safelift on helppo ladata ja my\u00f6s huoltaa.<\/p>\n<p>[\/et_pb_blurb][\/et_pb_column][\/et_pb_row][et_pb_row column_structure=&#8221;1_3,1_3,1_3&#8243; module_class=&#8221;responsive-rows&#8221; _builder_version=&#8221;4.16&#8243; background_size=&#8221;initial&#8221; background_position=&#8221;top_left&#8221; background_repeat=&#8221;repeat&#8221; global_colors_info=&#8221;{}&#8221;][et_pb_column type=&#8221;1_3&#8243; _builder_version=&#8221;4.16&#8243; custom_padding=&#8221;|||&#8221; global_colors_info=&#8221;{}&#8221; custom_padding__hover=&#8221;|||&#8221;][et_pb_blurb title=&#8221;Henkil\u00f6kohtainen turvallisuus&#8221; use_icon=&#8221;on&#8221; font_icon=&#8221;&#xe06c;||divi||400&#8243; icon_placement=&#8221;left&#8221; admin_label=&#8221;Personal safety&#8221; _builder_version=&#8221;4.16&#8243; global_colors_info=&#8221;{}&#8221;]<\/p>\n<p>Kiinnityspiste, h\u00e4t\u00e4pys\u00e4ytys ja varalaskupainike turvallisuuttasi varten.<\/p>\n<p>[\/et_pb_blurb][\/et_pb_column][et_pb_column type=&#8221;1_3&#8243; _builder_version=&#8221;4.16&#8243; custom_padding=&#8221;|||&#8221; global_colors_info=&#8221;{}&#8221; custom_padding__hover=&#8221;|||&#8221;][et_pb_blurb title=&#8221;Kevyt ja pienikokoinen&#8221; use_icon=&#8221;on&#8221; font_icon=&#8221;&#xe052;||divi||400&#8243; icon_placement=&#8221;left&#8221; admin_label=&#8221;Light and smooth&#8221; _builder_version=&#8221;4.16&#8243; global_colors_info=&#8221;{}&#8221;]<\/p>\n<p>Voidaan kuljettaa hississ\u00e4 ja mahtuu oviaukoista.<\/p>\n<p>[\/et_pb_blurb][\/et_pb_column][et_pb_column type=&#8221;1_3&#8243; _builder_version=&#8221;4.16&#8243; custom_padding=&#8221;|||&#8221; global_colors_info=&#8221;{}&#8221; custom_padding__hover=&#8221;|||&#8221;][et_pb_blurb title=&#8221;K\u00e4tev\u00e4t ominaisuudet&#8221; use_icon=&#8221;on&#8221; font_icon=&#8221;&#xe072;||divi||400&#8243; icon_placement=&#8221;left&#8221; admin_label=&#8221;Smart features&#8221; _builder_version=&#8221;4.16&#8243; global_colors_info=&#8221;{}&#8221;]<\/p>\n<p>Ajamis- ja ty\u00f6nt\u00e4mismoodi, USB-liitin ja ty\u00f6kalutaso.<\/p>\n<p>[\/et_pb_blurb][\/et_pb_column][\/et_pb_row][\/et_pb_section][et_pb_section fb_built=&#8221;1&#8243; admin_label=&#8221;Book demo (fi)&#8221; module_id=&#8221;bookdemo&#8221; _builder_version=&#8221;4.11.2&#8243; background_color=&#8221;#1a1a1a&#8221; parallax=&#8221;on&#8221; top_divider_color=&#8221;#f4f4f4&#8243; top_divider_flip=&#8221;horizontal|vertical&#8221; bottom_divider_color=&#8221;#222222&#8243; global_module=&#8221;2018&#8243; collapsed=&#8221;off&#8221; global_colors_info=&#8221;{}&#8221;][et_pb_row column_structure=&#8221;1_2,1_2&#8243; make_equal=&#8221;on&#8221; _builder_version=&#8221;4.16&#8243; background_size=&#8221;initial&#8221; background_position=&#8221;top_left&#8221; background_repeat=&#8221;repeat&#8221; global_colors_info=&#8221;{}&#8221;][et_pb_column type=&#8221;1_2&#8243; _builder_version=&#8221;4.16&#8243; custom_padding=&#8221;|||&#8221; custom_css_main_element=&#8221;margin: auto;&#8221; global_colors_info=&#8221;{}&#8221; custom_padding__hover=&#8221;|||&#8221;][et_pb_cta title=&#8221;Tilaa koek\u00e4ytt\u00f6&#8221; button_url=&#8221;https:\/\/www.safelift.se\/fi\/yhteystiedot\/&#8221; button_text=&#8221;Kysy lis\u00e4tietoja koek\u00e4yt\u00f6st\u00e4&#8221; _builder_version=&#8221;4.16&#8243; header_text_color=&#8221;#ffc310&#8243; use_background_color=&#8221;off&#8221; custom_button=&#8221;on&#8221; button_text_color=&#8221;#222222&#8243; text_orientation=&#8221;left&#8221; global_colors_info=&#8221;{}&#8221; button_text_size__hover_enabled=&#8221;off&#8221; button_text_size__hover=&#8221;null&#8221; button_one_text_size__hover_enabled=&#8221;off&#8221; button_one_text_size__hover=&#8221;null&#8221; button_two_text_size__hover_enabled=&#8221;off&#8221; button_two_text_size__hover=&#8221;null&#8221; button_text_color__hover_enabled=&#8221;off&#8221; button_text_color__hover=&#8221;null&#8221; button_one_text_color__hover_enabled=&#8221;off&#8221; button_one_text_color__hover=&#8221;null&#8221; button_two_text_color__hover_enabled=&#8221;off&#8221; button_two_text_color__hover=&#8221;null&#8221; button_border_width__hover_enabled=&#8221;off&#8221; button_border_width__hover=&#8221;null&#8221; button_one_border_width__hover_enabled=&#8221;off&#8221; button_one_border_width__hover=&#8221;null&#8221; button_two_border_width__hover_enabled=&#8221;off&#8221; button_two_border_width__hover=&#8221;null&#8221; button_border_color__hover_enabled=&#8221;off&#8221; button_border_color__hover=&#8221;null&#8221; button_one_border_color__hover_enabled=&#8221;off&#8221; button_one_border_color__hover=&#8221;null&#8221; button_two_border_color__hover_enabled=&#8221;off&#8221; button_two_border_color__hover=&#8221;null&#8221; button_border_radius__hover_enabled=&#8221;off&#8221; button_border_radius__hover=&#8221;null&#8221; button_one_border_radius__hover_enabled=&#8221;off&#8221; button_one_border_radius__hover=&#8221;null&#8221; button_two_border_radius__hover_enabled=&#8221;off&#8221; button_two_border_radius__hover=&#8221;null&#8221; button_letter_spacing__hover_enabled=&#8221;off&#8221; button_letter_spacing__hover=&#8221;null&#8221; button_one_letter_spacing__hover_enabled=&#8221;off&#8221; button_one_letter_spacing__hover=&#8221;null&#8221; button_two_letter_spacing__hover_enabled=&#8221;off&#8221; button_two_letter_spacing__hover=&#8221;null&#8221; button_bg_color__hover_enabled=&#8221;off&#8221; button_bg_color__hover=&#8221;null&#8221; button_one_bg_color__hover_enabled=&#8221;off&#8221; button_one_bg_color__hover=&#8221;null&#8221; button_two_bg_color__hover_enabled=&#8221;off&#8221; button_two_bg_color__hover=&#8221;null&#8221;]<\/p>\n<p>Koe Safeliftin ainutlaatuinen tuntuma ja suorituskyky testaamalla sit\u00e4 itse!<\/p>\n<p>[\/et_pb_cta][et_pb_counters disabled_on=&#8221;on|on|on&#8221; _builder_version=&#8221;4.16&#8243; _module_preset=&#8221;default&#8221; disabled=&#8221;on&#8221; global_colors_info=&#8221;{}&#8221;][et_pb_counter percent=&#8221;50&#8243; _builder_version=&#8221;4.16&#8243; _module_preset=&#8221;default&#8221; background_enable_video_mp4=&#8221;on&#8221; background_enable_video_webm=&#8221;on&#8221; global_colors_info=&#8221;{}&#8221; bar_background_color_default=&#8221;#ffc310&#8243; use_percentages=&#8221;on&#8221;]Your Title Goes Here[\/et_pb_counter][\/et_pb_counters][\/et_pb_column][et_pb_column type=&#8221;1_2&#8243; _builder_version=&#8221;4.16&#8243; custom_padding=&#8221;|||&#8221; global_colors_info=&#8221;{}&#8221; custom_padding__hover=&#8221;|||&#8221;][et_pb_image src=&#8221;https:\/\/www.safelift.se\/wp-content\/uploads\/footer-safelift-2022.png&#8221; alt=&#8221;Tilaa koek\u00e4ytt\u00f6&#8221; title_text=&#8221;Tilaa koek\u00e4ytt\u00f6&#8221; align=&#8221;center&#8221; align_tablet=&#8221;center&#8221; align_phone=&#8221;&#8221; align_last_edited=&#8221;on|desktop&#8221; _builder_version=&#8221;4.16.1&#8243; always_center_on_mobile=&#8221;on&#8221; global_colors_info=&#8221;{}&#8221;][\/et_pb_image][\/et_pb_column][\/et_pb_row][\/et_pb_section]<\/p>\n","protected":false},"excerpt":{"rendered":"<p>Tietoja Safeliftist\u00e4 Safelift perustettiin vuonna 2010 tavoitteena korvata tikkaat monik\u00e4ytt\u00f6isill\u00e4 ja k\u00e4ytt\u00e4j\u00e4yst\u00e4v\u00e4llisill\u00e4 pylv\u00e4snostimilla, joilla ty\u00f6skentely korkealla sis\u00e4tiloissa on turvallista. Muutaman tuotekehitysvuoden j\u00e4lkeen toimme vuonna 2013 markkinoille kaksi mallia: PushAround ja MoveAround. Molempien mallien ty\u00f6skentelykorkeus on 4,95 metri\u00e4. T\u00e4n\u00e4 p\u00e4iv\u00e4n\u00e4 toimitamme nostimia useisiin Euroopan maihin. Tuotekehitys ja kokoonpano suoritetaan tiloissamme V\u00e4xj\u00f6ss\u00e4, ja useimmat nostimen osat valmistetaan [&hellip;]<\/p>\n","protected":false},"author":1,"featured_media":0,"parent":0,"menu_order":0,"comment_status":"closed","ping_status":"closed","template":"","meta":{"_et_pb_use_builder":"on","_et_pb_old_content":"","_et_gb_content_width":"","footnotes":""},"class_list":["post-2101","page","type-page","status-publish","hentry"],"yoast_head":"<!-- This site is optimized with the Yoast SEO plugin v27.4 - https:\/\/yoast.com\/product\/yoast-seo-wordpress\/ -->\n<title>Tietoja Safeliftist\u00e4 - Safelift - Pylv\u00e4snostimet sis\u00e4k\u00e4ytt\u00f6\u00f6n<\/title>\n<meta name=\"robots\" content=\"index, follow, max-snippet:-1, max-image-preview:large, max-video-preview:-1\" \/>\n<link rel=\"canonical\" href=\"https:\/\/www.safelift.se\/fi\/tietoja\/\" \/>\n<meta property=\"og:locale\" content=\"fi_FI\" \/>\n<meta property=\"og:type\" content=\"article\" \/>\n<meta property=\"og:title\" content=\"Tietoja Safeliftist\u00e4 - Safelift - Pylv\u00e4snostimet sis\u00e4k\u00e4ytt\u00f6\u00f6n\" \/>\n<meta property=\"og:description\" content=\"Tietoja Safeliftist\u00e4 Safelift perustettiin vuonna 2010 tavoitteena korvata tikkaat monik\u00e4ytt\u00f6isill\u00e4 ja k\u00e4ytt\u00e4j\u00e4yst\u00e4v\u00e4llisill\u00e4 pylv\u00e4snostimilla, joilla ty\u00f6skentely korkealla sis\u00e4tiloissa on turvallista. Muutaman tuotekehitysvuoden j\u00e4lkeen toimme vuonna 2013 markkinoille kaksi mallia: PushAround ja MoveAround. Molempien mallien ty\u00f6skentelykorkeus on 4,95 metri\u00e4. T\u00e4n\u00e4 p\u00e4iv\u00e4n\u00e4 toimitamme nostimia useisiin Euroopan maihin. Tuotekehitys ja kokoonpano suoritetaan tiloissamme V\u00e4xj\u00f6ss\u00e4, ja useimmat nostimen osat valmistetaan [&hellip;]\" \/>\n<meta property=\"og:url\" content=\"https:\/\/www.safelift.se\/fi\/tietoja\/\" \/>\n<meta property=\"og:site_name\" content=\"Safelift\" \/>\n<meta property=\"article:publisher\" content=\"https:\/\/www.facebook.com\/Safelift\/\" \/>\n<meta property=\"article:modified_time\" content=\"2023-03-03T15:25:25+00:00\" \/>\n<meta property=\"og:image\" content=\"https:\/\/www.safelift.se\/wp-content\/uploads\/yoast-default.jpg\" \/>\n\t<meta property=\"og:image:width\" content=\"1200\" \/>\n\t<meta property=\"og:image:height\" content=\"675\" \/>\n\t<meta property=\"og:image:type\" content=\"image\/jpeg\" \/>\n<meta name=\"twitter:card\" content=\"summary_large_image\" \/>\n<meta name=\"twitter:label1\" content=\"Arvioitu lukuaika\" \/>\n\t<meta name=\"twitter:data1\" content=\"3 minuuttia\" \/>\n<script type=\"application\/ld+json\" class=\"yoast-schema-graph\">{\"@context\":\"https:\\\/\\\/schema.org\",\"@graph\":[{\"@type\":\"WebPage\",\"@id\":\"https:\\\/\\\/www.safelift.se\\\/fi\\\/tietoja\\\/\",\"url\":\"https:\\\/\\\/www.safelift.se\\\/fi\\\/tietoja\\\/\",\"name\":\"Tietoja Safeliftist\u00e4 - Safelift - Pylv\u00e4snostimet sis\u00e4k\u00e4ytt\u00f6\u00f6n\",\"isPartOf\":{\"@id\":\"https:\\\/\\\/www.safelift.se\\\/en\\\/#website\"},\"datePublished\":\"2018-02-19T12:09:18+00:00\",\"dateModified\":\"2023-03-03T15:25:25+00:00\",\"breadcrumb\":{\"@id\":\"https:\\\/\\\/www.safelift.se\\\/fi\\\/tietoja\\\/#breadcrumb\"},\"inLanguage\":\"fi\",\"potentialAction\":[{\"@type\":\"ReadAction\",\"target\":[\"https:\\\/\\\/www.safelift.se\\\/fi\\\/tietoja\\\/\"]}]},{\"@type\":\"BreadcrumbList\",\"@id\":\"https:\\\/\\\/www.safelift.se\\\/fi\\\/tietoja\\\/#breadcrumb\",\"itemListElement\":[{\"@type\":\"ListItem\",\"position\":1,\"name\":\"Hem\",\"item\":\"https:\\\/\\\/www.safelift.se\\\/fi\\\/\"},{\"@type\":\"ListItem\",\"position\":2,\"name\":\"Tietoja Safeliftist\u00e4\"}]},{\"@type\":\"WebSite\",\"@id\":\"https:\\\/\\\/www.safelift.se\\\/en\\\/#website\",\"url\":\"https:\\\/\\\/www.safelift.se\\\/en\\\/\",\"name\":\"Safelift\",\"description\":\"Pylv\u00e4snostimet sis\u00e4k\u00e4ytt\u00f6\u00f6n\",\"publisher\":{\"@id\":\"https:\\\/\\\/www.safelift.se\\\/en\\\/#organization\"},\"potentialAction\":[{\"@type\":\"SearchAction\",\"target\":{\"@type\":\"EntryPoint\",\"urlTemplate\":\"https:\\\/\\\/www.safelift.se\\\/en\\\/?s={search_term_string}\"},\"query-input\":{\"@type\":\"PropertyValueSpecification\",\"valueRequired\":true,\"valueName\":\"search_term_string\"}}],\"inLanguage\":\"fi\"},{\"@type\":\"Organization\",\"@id\":\"https:\\\/\\\/www.safelift.se\\\/en\\\/#organization\",\"name\":\"Safelift\",\"url\":\"https:\\\/\\\/www.safelift.se\\\/en\\\/\",\"logo\":{\"@type\":\"ImageObject\",\"inLanguage\":\"fi\",\"@id\":\"https:\\\/\\\/www.safelift.se\\\/en\\\/#\\\/schema\\\/logo\\\/image\\\/\",\"url\":\"https:\\\/\\\/www.safelift.se\\\/wp-content\\\/uploads\\\/platta.gif\",\"contentUrl\":\"https:\\\/\\\/www.safelift.se\\\/wp-content\\\/uploads\\\/platta.gif\",\"width\":487,\"height\":267,\"caption\":\"Safelift\"},\"image\":{\"@id\":\"https:\\\/\\\/www.safelift.se\\\/en\\\/#\\\/schema\\\/logo\\\/image\\\/\"},\"sameAs\":[\"https:\\\/\\\/www.facebook.com\\\/Safelift\\\/\"]}]}<\/script>\n<!-- \/ Yoast SEO plugin. -->","yoast_head_json":{"title":"Tietoja Safeliftist\u00e4 - Safelift - Pylv\u00e4snostimet sis\u00e4k\u00e4ytt\u00f6\u00f6n","robots":{"index":"index","follow":"follow","max-snippet":"max-snippet:-1","max-image-preview":"max-image-preview:large","max-video-preview":"max-video-preview:-1"},"canonical":"https:\/\/www.safelift.se\/fi\/tietoja\/","og_locale":"fi_FI","og_type":"article","og_title":"Tietoja Safeliftist\u00e4 - Safelift - Pylv\u00e4snostimet sis\u00e4k\u00e4ytt\u00f6\u00f6n","og_description":"Tietoja Safeliftist\u00e4 Safelift perustettiin vuonna 2010 tavoitteena korvata tikkaat monik\u00e4ytt\u00f6isill\u00e4 ja k\u00e4ytt\u00e4j\u00e4yst\u00e4v\u00e4llisill\u00e4 pylv\u00e4snostimilla, joilla ty\u00f6skentely korkealla sis\u00e4tiloissa on turvallista. Muutaman tuotekehitysvuoden j\u00e4lkeen toimme vuonna 2013 markkinoille kaksi mallia: PushAround ja MoveAround. Molempien mallien ty\u00f6skentelykorkeus on 4,95 metri\u00e4. T\u00e4n\u00e4 p\u00e4iv\u00e4n\u00e4 toimitamme nostimia useisiin Euroopan maihin. Tuotekehitys ja kokoonpano suoritetaan tiloissamme V\u00e4xj\u00f6ss\u00e4, ja useimmat nostimen osat valmistetaan [&hellip;]","og_url":"https:\/\/www.safelift.se\/fi\/tietoja\/","og_site_name":"Safelift","article_publisher":"https:\/\/www.facebook.com\/Safelift\/","article_modified_time":"2023-03-03T15:25:25+00:00","og_image":[{"width":1200,"height":675,"url":"https:\/\/www.safelift.se\/wp-content\/uploads\/yoast-default.jpg","type":"image\/jpeg"}],"twitter_card":"summary_large_image","twitter_misc":{"Arvioitu lukuaika":"3 minuuttia"},"schema":{"@context":"https:\/\/schema.org","@graph":[{"@type":"WebPage","@id":"https:\/\/www.safelift.se\/fi\/tietoja\/","url":"https:\/\/www.safelift.se\/fi\/tietoja\/","name":"Tietoja Safeliftist\u00e4 - Safelift - Pylv\u00e4snostimet sis\u00e4k\u00e4ytt\u00f6\u00f6n","isPartOf":{"@id":"https:\/\/www.safelift.se\/en\/#website"},"datePublished":"2018-02-19T12:09:18+00:00","dateModified":"2023-03-03T15:25:25+00:00","breadcrumb":{"@id":"https:\/\/www.safelift.se\/fi\/tietoja\/#breadcrumb"},"inLanguage":"fi","potentialAction":[{"@type":"ReadAction","target":["https:\/\/www.safelift.se\/fi\/tietoja\/"]}]},{"@type":"BreadcrumbList","@id":"https:\/\/www.safelift.se\/fi\/tietoja\/#breadcrumb","itemListElement":[{"@type":"ListItem","position":1,"name":"Hem","item":"https:\/\/www.safelift.se\/fi\/"},{"@type":"ListItem","position":2,"name":"Tietoja Safeliftist\u00e4"}]},{"@type":"WebSite","@id":"https:\/\/www.safelift.se\/en\/#website","url":"https:\/\/www.safelift.se\/en\/","name":"Safelift","description":"Pylv\u00e4snostimet sis\u00e4k\u00e4ytt\u00f6\u00f6n","publisher":{"@id":"https:\/\/www.safelift.se\/en\/#organization"},"potentialAction":[{"@type":"SearchAction","target":{"@type":"EntryPoint","urlTemplate":"https:\/\/www.safelift.se\/en\/?s={search_term_string}"},"query-input":{"@type":"PropertyValueSpecification","valueRequired":true,"valueName":"search_term_string"}}],"inLanguage":"fi"},{"@type":"Organization","@id":"https:\/\/www.safelift.se\/en\/#organization","name":"Safelift","url":"https:\/\/www.safelift.se\/en\/","logo":{"@type":"ImageObject","inLanguage":"fi","@id":"https:\/\/www.safelift.se\/en\/#\/schema\/logo\/image\/","url":"https:\/\/www.safelift.se\/wp-content\/uploads\/platta.gif","contentUrl":"https:\/\/www.safelift.se\/wp-content\/uploads\/platta.gif","width":487,"height":267,"caption":"Safelift"},"image":{"@id":"https:\/\/www.safelift.se\/en\/#\/schema\/logo\/image\/"},"sameAs":["https:\/\/www.facebook.com\/Safelift\/"]}]}},"_links":{"self":[{"href":"https:\/\/www.safelift.se\/fi\/wp-json\/wp\/v2\/pages\/2101","targetHints":{"allow":["GET"]}}],"collection":[{"href":"https:\/\/www.safelift.se\/fi\/wp-json\/wp\/v2\/pages"}],"about":[{"href":"https:\/\/www.safelift.se\/fi\/wp-json\/wp\/v2\/types\/page"}],"author":[{"embeddable":true,"href":"https:\/\/www.safelift.se\/fi\/wp-json\/wp\/v2\/users\/1"}],"replies":[{"embeddable":true,"href":"https:\/\/www.safelift.se\/fi\/wp-json\/wp\/v2\/comments?post=2101"}],"version-history":[{"count":0,"href":"https:\/\/www.safelift.se\/fi\/wp-json\/wp\/v2\/pages\/2101\/revisions"}],"wp:attachment":[{"href":"https:\/\/www.safelift.se\/fi\/wp-json\/wp\/v2\/media?parent=2101"}],"curies":[{"name":"wp","href":"https:\/\/api.w.org\/{rel}","templated":true}]}}