{"id":2086,"date":"2018-02-14T11:58:06","date_gmt":"2018-02-14T11:58:06","guid":{"rendered":"https:\/\/www.safelift.se\/retailer\/"},"modified":"2023-03-10T11:18:04","modified_gmt":"2023-03-10T10:18:04","slug":"retailer","status":"publish","type":"page","link":"https:\/\/www.safelift.se\/fi\/retailer\/","title":{"rendered":"J\u00e4lleenmyyj\u00e4t"},"content":{"rendered":"<p>[et_pb_section fb_built=&#8221;1&#8243; fullwidth=&#8221;on&#8221; _builder_version=&#8221;4.16&#8243; global_colors_info=&#8221;{}&#8221;][et_pb_fullwidth_map address=&#8221;Paris, France&#8221; zoom_level=&#8221;3&#8243; address_lat=&#8221;56.79413560802714&#8243; address_lng=&#8221;22.215503150000018&#8243; mouse_wheel=&#8221;off&#8221; _builder_version=&#8221;4.19.5&#8243; global_module=&#8221;10358&#8243; saved_tabs=&#8221;all&#8221; global_colors_info=&#8221;{}&#8221;][et_pb_map_pin title=&#8221;Norway&#8221; pin_address=&#8221;Norway&#8221; pin_address_lat=&#8221;60.47202399999999&#8243; pin_address_lng=&#8221;8.46894599999996&#8243; _builder_version=&#8221;4.9.7&#8243; global_colors_info=&#8221;{}&#8221;]<\/p>\n<p>Gantic AS<br \/><a href=\"https:\/\/www.gantic.no\">www.gantic.no<\/a><\/p>\n<p>[\/et_pb_map_pin][et_pb_map_pin title=&#8221;Switzerland&#8221; pin_address=&#8221;Switzerland&#8221; pin_address_lat=&#8221;46.818188&#8243; pin_address_lng=&#8221;8.227511999999933&#8243; _builder_version=&#8221;4.9.7&#8243; global_colors_info=&#8221;{}&#8221;]<\/p>\n<p>Tecram<br \/><a href=\"http:\/\/www.tecram.ch\">www.tecram.ch<\/a><\/p>\n<p>[\/et_pb_map_pin][et_pb_map_pin title=&#8221;France&#8221; pin_address=&#8221;France&#8221; pin_address_lat=&#8221;46.227638&#8243; pin_address_lng=&#8221;2.213749000000007&#8243; _builder_version=&#8221;4.9.7&#8243; global_colors_info=&#8221;{}&#8221;]<\/p>\n<p>Stockman<br \/><a href=\"https:\/\/www.stockman.fr\/\">www.stockman.fr<\/a><\/p>\n<p>[\/et_pb_map_pin][et_pb_map_pin title=&#8221;Finland&#8221; pin_address=&#8221;Finland&#8221; pin_address_lat=&#8221;61.92410999999999&#8243; pin_address_lng=&#8221;25.748151099999973&#8243; _builder_version=&#8221;4.7.2&#8243; global_colors_info=&#8221;{}&#8221;]<\/p>\n<p>Konetalovainikka<br \/><a href=\"https:\/\/konetalovainikka.fi\">konetalovainikka.fi<\/a><\/p>\n<p>Miika Matikainen<br \/>Tehtaanedustaja<br \/><a href=\"mailto:miika.matikainen@safelift.se\">miika.matikainen@safelift.se<\/a><br \/>+358 451 896 808<\/p>\n<p>[\/et_pb_map_pin][et_pb_map_pin title=&#8221;Denmark&#8221; pin_address=&#8221;Denmark&#8221; pin_address_lat=&#8221;56.26392&#8243; pin_address_lng=&#8221;9.50178500000004&#8243; _builder_version=&#8221;4.9.7&#8243; global_colors_info=&#8221;{}&#8221;]<\/p>\n<p>MST-Trading<br \/><a href=\"https:\/\/mst-trading.dk\">mst-trading.dk<\/a><\/p>\n<p>SB Lift ApS<br \/><a href=\"https:\/\/sblift.dk\">sblift.dk<\/a><\/p>\n<p>[\/et_pb_map_pin][et_pb_map_pin title=&#8221;Netherlands&#8221; pin_address=&#8221;Netherlands&#8221; pin_address_lat=&#8221;52.132633&#8243; pin_address_lng=&#8221;5.2912659999999505&#8243; _builder_version=&#8221;4.17.6&#8243; global_colors_info=&#8221;{}&#8221;]<\/p>\n<p>HDW<br \/><a href=\"https:\/\/www.hdwnl.com\">www.hdwnl.com<\/a><\/p>\n<p>[\/et_pb_map_pin][et_pb_map_pin title=&#8221;Germany&#8221; pin_address=&#8221;Germany&#8221; pin_address_lat=&#8221;51.165691&#8243; pin_address_lng=&#8221;10.451526000000058&#8243; _builder_version=&#8221;4.9.7&#8243; global_colors_info=&#8221;{}&#8221;]<\/p>\n<p><strong>e.m. works! GmbH<\/strong><br \/><a href=\"https:\/\/www.em-workshop.de\/\">em-works.de<\/a><\/p>\n<p><strong>Schwenk<\/strong><br \/><a href=\"https:\/\/schwenk-arbeitsbuehnen.de\/\">schwenk-arbeitsbuehnen.de<\/a><\/p>\n<p>[\/et_pb_map_pin][et_pb_map_pin title=&#8221;Serbia&#8221; pin_address=&#8221;Serbia&#8221; pin_address_lat=&#8221;44.016521&#8243; pin_address_lng=&#8221;21.005858999999987&#8243; _builder_version=&#8221;4.9.7&#8243; global_colors_info=&#8221;{}&#8221;]<\/p>\n<p>Interhermes<br \/><a href=\"http:\/\/www.interhermes.com\">www.interhermes.com<\/a><\/p>\n<p>[\/et_pb_map_pin][et_pb_map_pin title=&#8221;Sweden&#8221; pin_address=&#8221;Utterv\u00e4gen 6, 352 45 V\u00e4xj\u00f6, Sweden&#8221; pin_address_lat=&#8221;56.9117662&#8243; pin_address_lng=&#8221;14.829379199999948&#8243; _builder_version=&#8221;4.9.7&#8243; global_colors_info=&#8221;{}&#8221;]<\/p>\n<p>Safelift Sweden AB<br \/><a href=\"https:\/\/www.safelift.se\">www.safelift.se<\/a><\/p>\n<p>[\/et_pb_map_pin][et_pb_map_pin title=&#8221;Italy&#8221; zoom_level=&#8221;4&#8243; pin_address_lat=&#8221;41.442726377672&#8243; pin_address_lng=&#8221;14.677734375&#8243; _builder_version=&#8221;4.9.7&#8243; _module_preset=&#8221;default&#8221; global_colors_info=&#8221;{}&#8221;]<\/p>\n<p>Levante Lift<br \/><a href=\"http:\/\/www.levantelift.com\">levantelift.com<\/a><\/p>\n<p>[\/et_pb_map_pin][et_pb_map_pin title=&#8221;Spain&#8221; zoom_level=&#8221;3&#8243; pin_address_lat=&#8221;39.774769485295&#8243; pin_address_lng=&#8221;-3.33984375&#8243; _builder_version=&#8221;4.19.5&#8243; _module_preset=&#8221;default&#8221; global_colors_info=&#8221;{}&#8221;]<\/p>\n<p>Gayner<strong><br \/><\/strong><a href=\"https:\/\/www.gayner.net\">gayner.net<\/a><\/p>\n<p>Representante de la f\u00e1brica<br \/>Mahkameh Gallego<br \/>+34 627 222 535<\/p>\n<p>Phoenix Mecano Espa\u00f1a, S.A.<br \/><a href=\"http:\/\/www.phoenix-mecano.es\">phoenix-mecano.es<\/a><\/p>\n<p>[\/et_pb_map_pin][et_pb_map_pin title=&#8221;Austria&#8221; zoom_level=&#8221;6&#8243; pin_address_lat=&#8221;47.591346476797&#8243; pin_address_lng=&#8221;14.501953125&#8243; _builder_version=&#8221;4.9.7&#8243; _module_preset=&#8221;default&#8221; global_colors_info=&#8221;{}&#8221;]<\/p>\n<p>LAST MILE Systems<br \/><a href=\"https:\/\/www.lastmile.at\">www.lastmile.at<\/a><\/p>\n<p>[\/et_pb_map_pin][et_pb_map_pin title=&#8221;Thailand&#8221; zoom_level=&#8221;2&#8243; pin_address_lat=&#8221;15.411319377981&#8243; pin_address_lng=&#8221;102.744140625&#8243; _builder_version=&#8221;4.7.2&#8243; _module_preset=&#8221;default&#8221; global_colors_info=&#8221;{}&#8221;]<\/p>\n<p>Encorp Co., Ltd<br \/><a href=\"http:\/\/encorp.co.th\/\">www.encorp.co.th<\/a><\/p>\n<p>[\/et_pb_map_pin][et_pb_map_pin title=&#8221; Georgia&#8221; pin_address=&#8221;georgia&#8221; zoom_level=&#8221;4&#8243; pin_address_lat=&#8221;42.098222411191&#8243; pin_address_lng=&#8221;43.330078125&#8243; _builder_version=&#8221;4.9.7&#8243; _module_preset=&#8221;default&#8221; global_colors_info=&#8221;{}&#8221;]<\/p>\n<p>Georent<br \/><a href=\"http:\/\/georent.ge\">georent.ge<\/a><\/p>\n<p>[\/et_pb_map_pin][et_pb_map_pin title=&#8221;Latvia&#8221; pin_address=&#8221;Riga, Lettland&#8221; pin_address_lat=&#8221;56.9496487&#8243; pin_address_lng=&#8221;24.1051865&#8243; _builder_version=&#8221;4.9.7&#8243; _module_preset=&#8221;default&#8221; global_colors_info=&#8221;{}&#8221;]<\/p>\n<p><strong>Laadur<br \/><\/strong><a href=\"https:\/\/www.laadur.lv\">laadur.lv<\/a><\/p>\n<p>[\/et_pb_map_pin][et_pb_map_pin title=&#8221;Malta&#8221; pin_address=&#8221;Malta&#8221; zoom_level=&#8221;8&#8243; pin_address_lat=&#8221;35.937496&#8243; pin_address_lng=&#8221;14.375416&#8243; _builder_version=&#8221;4.9.7&#8243; _module_preset=&#8221;default&#8221; global_colors_info=&#8221;{}&#8221;]<\/p>\n<p><strong>Storagesystems<\/strong><br \/><a href=\"https:\/\/www.storagesystems.com.mt\/\">storagesystems.com.mt<\/a><\/p>\n<p>[\/et_pb_map_pin][et_pb_map_pin title=&#8221;Slovenia&#8221; pin_address=&#8221;Dunajska cesta 9, 1000 Ljubljana, Slovenien&#8221; zoom_level=&#8221;8&#8243; pin_address_lat=&#8221;46.059834932735&#8243; pin_address_lng=&#8221;14.506571398438&#8243; _builder_version=&#8221;4.11.1&#8243; _module_preset=&#8221;default&#8221; global_colors_info=&#8221;{}&#8221;]<\/p>\n<p>NLIFT d.o.o.<br \/><a href=\"https:\/\/www.inlift.si\">www.inlift.si<\/a><\/p>\n<p>[\/et_pb_map_pin][et_pb_map_pin title=&#8221;South Korea&#8221; pin_address=&#8221;Seolgae-ro, Sujeong-gu, Seongnam-si, Gyeonggi-do, Sydkorea&#8221; pin_address_lat=&#8221;37.4190414&#8243; pin_address_lng=&#8221;127.1076868&#8243; _builder_version=&#8221;4.17.0&#8243; _module_preset=&#8221;default&#8221; global_colors_info=&#8221;{}&#8221;]<\/p>\n<p>Korea Uni Com Co., Ltd<br \/><a href=\"mailto:koreaunicom@daum.net\">koreaunicom@daum.net<\/a><\/p>\n<p>[\/et_pb_map_pin][et_pb_map_pin title=&#8221;Ireland&#8221; pin_address=&#8221;Dublin, Irland&#8221; pin_address_lat=&#8221;53.3498053&#8243; pin_address_lng=&#8221;-6.2603097&#8243; _builder_version=&#8221;4.17.4&#8243; _module_preset=&#8221;default&#8221; global_colors_info=&#8221;{}&#8221;]AccessCo<br \/>\n<a href=\"https:\/\/accesscomove.com\">accesscomove.com<\/a>[\/et_pb_map_pin][et_pb_map_pin title=&#8221;Poland&#8221; pin_address=&#8221;Centrum 10, 00-647 Warszawa, Polen&#8221; zoom_level=&#8221;7&#8243; pin_address_lat=&#8221;52.230054088127&#8243; pin_address_lng=&#8221;21.01281178125&#8243; _builder_version=&#8221;4.19.4&#8243; _module_preset=&#8221;default&#8221; global_colors_info=&#8221;{}&#8221;]<\/p>\n<p>HDW<br \/><a href=\"https:\/\/www.hdw-polska.pl\">www.hdw-polska.pl<\/a><\/p>\n<p>[\/et_pb_map_pin][et_pb_map_pin title=&#8221;Belgium&#8221; pin_address=&#8221;Broekstraat 59, 1000 Brussel, Belgien&#8221; zoom_level=&#8221;7&#8243; pin_address_lat=&#8221;50.851975079782&#8243; pin_address_lng=&#8221;4.36007271875&#8243; _builder_version=&#8221;4.19.4&#8243; _module_preset=&#8221;default&#8221; global_colors_info=&#8221;{}&#8221;]<\/p>\n<p>HDW<br \/><a href=\"https:\/\/www.hdwbelux.com\">www.hdwbelux.com<\/a><\/p>\n<p>[\/et_pb_map_pin][\/et_pb_fullwidth_map][\/et_pb_section][et_pb_section fb_built=&#8221;1&#8243; _builder_version=&#8221;4.16&#8243; global_colors_info=&#8221;{}&#8221;][et_pb_row column_structure=&#8221;1_2,1_2&#8243; _builder_version=&#8221;4.16&#8243; background_size=&#8221;initial&#8221; background_position=&#8221;top_left&#8221; background_repeat=&#8221;repeat&#8221; global_colors_info=&#8221;{}&#8221;][et_pb_column type=&#8221;1_2&#8243; _builder_version=&#8221;4.16&#8243; custom_padding=&#8221;|||&#8221; global_colors_info=&#8221;{}&#8221; custom_padding__hover=&#8221;|||&#8221;][et_pb_image src=&#8221;https:\/\/www.safelift.se\/wp-content\/uploads\/180116_safelift_fjl_562.jpg&#8221; alt=&#8221;\u00e5terf\u00f6rs\u00e4ljare&#8221; title_text=&#8221;\u00e5terf\u00f6rs\u00e4ljare&#8221; align_tablet=&#8221;center&#8221; align_phone=&#8221;&#8221; align_last_edited=&#8221;on|desktop&#8221; _builder_version=&#8221;4.16&#8243; always_center_on_mobile=&#8221;on&#8221; global_colors_info=&#8221;{}&#8221;][\/et_pb_image][\/et_pb_column][et_pb_column type=&#8221;1_2&#8243; _builder_version=&#8221;4.16&#8243; custom_padding=&#8221;|||&#8221; global_colors_info=&#8221;{}&#8221; custom_padding__hover=&#8221;|||&#8221;][et_pb_text _builder_version=&#8221;4.20.2&#8243; hover_enabled=&#8221;0&#8243; global_colors_info=&#8221;{}&#8221; sticky_enabled=&#8221;0&#8243;]<\/p>\n<h1>J\u00e4lleenmyyj\u00e4t<\/h1>\n<p>Etsimme j\u00e4lleenmyyji\u00e4 toimitilajohtamisen, v\u00e4hitt\u00e4ismyynnin, julkisten palveluiden ja p\u00e4ivitt\u00e4istavarakaupan piirist\u00e4.<\/p>\n<p>Jos haluatte esittelyn, ottakaa yhteytt\u00e4 <a href=\"https:\/\/www.safelift.se\/fi\/yhteystiedot\/\">yhteydenottolomakkeella<\/a> tai s\u00e4hk\u00f6postilla osoitteeseen <a href=\"mailto:info@safelift.se\">info@safelift.se<\/a>.<\/p>\n<p>Safeliftin tuotteita markkinoi:<\/p>\n<p>Safelift Sweden AB<br \/>Kvarnv\u00e4gen 14<br \/>S-352 41 V\u00e4xj\u00f6<br \/>Ruotsi<\/p>\n<p>[\/et_pb_text][\/et_pb_column][\/et_pb_row][\/et_pb_section][et_pb_section fb_built=&#8221;1&#8243; admin_label=&#8221;Advantages of Safelift&#8221; module_class=&#8221;graybg&#8221; _builder_version=&#8221;3.22&#8243; global_module=&#8221;2017&#8243; collapsed=&#8221;on&#8221; global_colors_info=&#8221;{}&#8221;][et_pb_row _builder_version=&#8221;4.16&#8243; background_size=&#8221;initial&#8221; background_position=&#8221;top_left&#8221; background_repeat=&#8221;repeat&#8221; custom_margin=&#8221;||0px|&#8221; custom_padding=&#8221;||0px|&#8221; global_colors_info=&#8221;{}&#8221;][et_pb_column type=&#8221;4_4&#8243; _builder_version=&#8221;4.16&#8243; custom_padding=&#8221;||0px|&#8221; global_colors_info=&#8221;{}&#8221; custom_padding__hover=&#8221;|||&#8221;][et_pb_text admin_label=&#8221;Advantages of Safelift (fi)&#8221; _builder_version=&#8221;4.16&#8243; global_colors_info=&#8221;{}&#8221;]<\/p>\n<h1>Safeliftin edut<\/h1>\n<p>[\/et_pb_text][\/et_pb_column][\/et_pb_row][et_pb_row column_structure=&#8221;1_3,1_3,1_3&#8243; make_equal=&#8221;on&#8221; module_class=&#8221;responsive-rows&#8221; _builder_version=&#8221;4.16&#8243; background_size=&#8221;initial&#8221; background_position=&#8221;top_left&#8221; background_repeat=&#8221;repeat&#8221; global_colors_info=&#8221;{}&#8221;][et_pb_column type=&#8221;1_3&#8243; _builder_version=&#8221;4.16&#8243; custom_padding=&#8221;|||&#8221; global_colors_info=&#8221;{}&#8221; custom_padding__hover=&#8221;|||&#8221;][et_pb_blurb title=&#8221;Turvallinen ty\u00f6skentely korkealla&#8221; use_icon=&#8221;on&#8221; font_icon=&#8221;&#xe0d9;||divi||400&#8243; icon_placement=&#8221;left&#8221; admin_label=&#8221;Safe work at height&#8221; _builder_version=&#8221;4.16&#8243; global_colors_info=&#8221;{}&#8221;]<\/p>\n<p>Safeliftill\u00e4 minimoit onnettomuusriskin ty\u00f6paikalla.<\/p>\n<p>[\/et_pb_blurb][\/et_pb_column][et_pb_column type=&#8221;1_3&#8243; _builder_version=&#8221;4.16&#8243; custom_padding=&#8221;|||&#8221; global_colors_info=&#8221;{}&#8221; custom_padding__hover=&#8221;|||&#8221;][et_pb_blurb title=&#8221;K\u00e4ytt\u00e4j\u00e4yst\u00e4v\u00e4llinen&#8221; use_icon=&#8221;on&#8221; font_icon=&#8221;&#xe0dd;||divi||400&#8243; icon_placement=&#8221;left&#8221; admin_label=&#8221;User friendly&#8221; _builder_version=&#8221;4.16&#8243; global_colors_info=&#8221;{}&#8221;]<\/p>\n<p>Koriin on helppo astua ja laittetta oppii k\u00e4ytt\u00e4m\u00e4\u00e4n nopeasti.<\/p>\n<p>[\/et_pb_blurb][\/et_pb_column][et_pb_column type=&#8221;1_3&#8243; _builder_version=&#8221;4.16&#8243; custom_padding=&#8221;|||&#8221; global_colors_info=&#8221;{}&#8221; custom_padding__hover=&#8221;|||&#8221;][et_pb_blurb title=&#8221;Helppo yll\u00e4pito&#8221; use_icon=&#8221;on&#8221; font_icon=&#8221;&#xe035;||divi||400&#8243; icon_placement=&#8221;left&#8221; admin_label=&#8221;Low-maintenance&#8221; _builder_version=&#8221;4.16&#8243; global_colors_info=&#8221;{}&#8221;]<\/p>\n<p>Safelift on helppo ladata ja my\u00f6s huoltaa.<\/p>\n<p>[\/et_pb_blurb][\/et_pb_column][\/et_pb_row][et_pb_row column_structure=&#8221;1_3,1_3,1_3&#8243; module_class=&#8221;responsive-rows&#8221; _builder_version=&#8221;4.16&#8243; background_size=&#8221;initial&#8221; background_position=&#8221;top_left&#8221; background_repeat=&#8221;repeat&#8221; global_colors_info=&#8221;{}&#8221;][et_pb_column type=&#8221;1_3&#8243; _builder_version=&#8221;4.16&#8243; custom_padding=&#8221;|||&#8221; global_colors_info=&#8221;{}&#8221; custom_padding__hover=&#8221;|||&#8221;][et_pb_blurb title=&#8221;Henkil\u00f6kohtainen turvallisuus&#8221; use_icon=&#8221;on&#8221; font_icon=&#8221;&#xe06c;||divi||400&#8243; icon_placement=&#8221;left&#8221; admin_label=&#8221;Personal safety&#8221; _builder_version=&#8221;4.16&#8243; global_colors_info=&#8221;{}&#8221;]<\/p>\n<p>Kiinnityspiste, h\u00e4t\u00e4pys\u00e4ytys ja varalaskupainike turvallisuuttasi varten.<\/p>\n<p>[\/et_pb_blurb][\/et_pb_column][et_pb_column type=&#8221;1_3&#8243; _builder_version=&#8221;4.16&#8243; custom_padding=&#8221;|||&#8221; global_colors_info=&#8221;{}&#8221; custom_padding__hover=&#8221;|||&#8221;][et_pb_blurb title=&#8221;Kevyt ja pienikokoinen&#8221; use_icon=&#8221;on&#8221; font_icon=&#8221;&#xe052;||divi||400&#8243; icon_placement=&#8221;left&#8221; admin_label=&#8221;Light and smooth&#8221; _builder_version=&#8221;4.16&#8243; global_colors_info=&#8221;{}&#8221;]<\/p>\n<p>Voidaan kuljettaa hississ\u00e4 ja mahtuu oviaukoista.<\/p>\n<p>[\/et_pb_blurb][\/et_pb_column][et_pb_column type=&#8221;1_3&#8243; _builder_version=&#8221;4.16&#8243; custom_padding=&#8221;|||&#8221; global_colors_info=&#8221;{}&#8221; custom_padding__hover=&#8221;|||&#8221;][et_pb_blurb title=&#8221;K\u00e4tev\u00e4t ominaisuudet&#8221; use_icon=&#8221;on&#8221; font_icon=&#8221;&#xe072;||divi||400&#8243; icon_placement=&#8221;left&#8221; admin_label=&#8221;Smart features&#8221; _builder_version=&#8221;4.16&#8243; global_colors_info=&#8221;{}&#8221;]<\/p>\n<p>Ajamis- ja ty\u00f6nt\u00e4mismoodi, USB-liitin ja ty\u00f6kalutaso.<\/p>\n<p>[\/et_pb_blurb][\/et_pb_column][\/et_pb_row][\/et_pb_section]<\/p>\n","protected":false},"excerpt":{"rendered":"<p>Gantic ASwww.gantic.noTecramwww.tecram.chStockmanwww.stockman.frKonetalovainikkakonetalovainikka.fi Miika MatikainenTehtaanedustajamiika.matikainen@safelift.se+358 451 896 808MST-Tradingmst-trading.dk SB Lift ApSsblift.dkHDWwww.hdwnl.come.m. works! GmbHem-works.de Schwenkschwenk-arbeitsbuehnen.deInterhermeswww.interhermes.comSafelift Sweden ABwww.safelift.seLevante Liftlevantelift.comGaynergayner.net Representante de la f\u00e1bricaMahkameh Gallego+34 627 222 535 Phoenix Mecano Espa\u00f1a, S.A.phoenix-mecano.esLAST MILE Systemswww.lastmile.atEncorp Co., Ltdwww.encorp.co.thGeorentgeorent.geLaadurlaadur.lvStoragesystemsstoragesystems.com.mtNLIFT d.o.o.www.inlift.siKorea Uni Com Co., Ltdkoreaunicom@daum.netAccessCo accesscomove.comHDWwww.hdw-polska.plHDWwww.hdwbelux.comJ\u00e4lleenmyyj\u00e4t Etsimme j\u00e4lleenmyyji\u00e4 toimitilajohtamisen, v\u00e4hitt\u00e4ismyynnin, julkisten palveluiden ja p\u00e4ivitt\u00e4istavarakaupan piirist\u00e4. Jos haluatte esittelyn, ottakaa yhteytt\u00e4 yhteydenottolomakkeella tai s\u00e4hk\u00f6postilla [&hellip;]<\/p>\n","protected":false},"author":1,"featured_media":0,"parent":0,"menu_order":0,"comment_status":"closed","ping_status":"closed","template":"","meta":{"_et_pb_use_builder":"on","_et_pb_old_content":"","_et_gb_content_width":"","footnotes":""},"class_list":["post-2086","page","type-page","status-publish","hentry"],"yoast_head":"<!-- This site is optimized with the Yoast SEO plugin v27.4 - https:\/\/yoast.com\/product\/yoast-seo-wordpress\/ -->\n<title>J\u00e4lleenmyyj\u00e4t - Safelift - Pylv\u00e4snostimet sis\u00e4k\u00e4ytt\u00f6\u00f6n<\/title>\n<meta name=\"robots\" content=\"index, follow, max-snippet:-1, max-image-preview:large, max-video-preview:-1\" \/>\n<link rel=\"canonical\" href=\"https:\/\/www.safelift.se\/fi\/retailer\/\" \/>\n<meta property=\"og:locale\" content=\"fi_FI\" \/>\n<meta property=\"og:type\" content=\"article\" \/>\n<meta property=\"og:title\" content=\"J\u00e4lleenmyyj\u00e4t - Safelift - Pylv\u00e4snostimet sis\u00e4k\u00e4ytt\u00f6\u00f6n\" \/>\n<meta property=\"og:description\" content=\"Gantic ASwww.gantic.noTecramwww.tecram.chStockmanwww.stockman.frKonetalovainikkakonetalovainikka.fi Miika MatikainenTehtaanedustajamiika.matikainen@safelift.se+358 451 896 808MST-Tradingmst-trading.dk SB Lift ApSsblift.dkHDWwww.hdwnl.come.m. works! GmbHem-works.de Schwenkschwenk-arbeitsbuehnen.deInterhermeswww.interhermes.comSafelift Sweden ABwww.safelift.seLevante Liftlevantelift.comGaynergayner.net Representante de la f\u00e1bricaMahkameh Gallego+34 627 222 535 Phoenix Mecano Espa\u00f1a, S.A.phoenix-mecano.esLAST MILE Systemswww.lastmile.atEncorp Co., Ltdwww.encorp.co.thGeorentgeorent.geLaadurlaadur.lvStoragesystemsstoragesystems.com.mtNLIFT d.o.o.www.inlift.siKorea Uni Com Co., Ltdkoreaunicom@daum.netAccessCo accesscomove.comHDWwww.hdw-polska.plHDWwww.hdwbelux.comJ\u00e4lleenmyyj\u00e4t Etsimme j\u00e4lleenmyyji\u00e4 toimitilajohtamisen, v\u00e4hitt\u00e4ismyynnin, julkisten palveluiden ja p\u00e4ivitt\u00e4istavarakaupan piirist\u00e4. Jos haluatte esittelyn, ottakaa yhteytt\u00e4 yhteydenottolomakkeella tai s\u00e4hk\u00f6postilla [&hellip;]\" \/>\n<meta property=\"og:url\" content=\"https:\/\/www.safelift.se\/fi\/retailer\/\" \/>\n<meta property=\"og:site_name\" content=\"Safelift\" \/>\n<meta property=\"article:publisher\" content=\"https:\/\/www.facebook.com\/Safelift\/\" \/>\n<meta property=\"article:modified_time\" content=\"2023-03-10T10:18:04+00:00\" \/>\n<meta property=\"og:image\" content=\"https:\/\/www.safelift.se\/wp-content\/uploads\/yoast-default.jpg\" \/>\n\t<meta property=\"og:image:width\" content=\"1200\" \/>\n\t<meta property=\"og:image:height\" content=\"675\" \/>\n\t<meta property=\"og:image:type\" content=\"image\/jpeg\" \/>\n<meta name=\"twitter:card\" content=\"summary_large_image\" \/>\n<meta name=\"twitter:label1\" content=\"Arvioitu lukuaika\" \/>\n\t<meta name=\"twitter:data1\" content=\"3 minuuttia\" \/>\n<script type=\"application\/ld+json\" class=\"yoast-schema-graph\">{\"@context\":\"https:\\\/\\\/schema.org\",\"@graph\":[{\"@type\":\"WebPage\",\"@id\":\"https:\\\/\\\/www.safelift.se\\\/fi\\\/retailer\\\/\",\"url\":\"https:\\\/\\\/www.safelift.se\\\/fi\\\/retailer\\\/\",\"name\":\"J\u00e4lleenmyyj\u00e4t - Safelift - Pylv\u00e4snostimet sis\u00e4k\u00e4ytt\u00f6\u00f6n\",\"isPartOf\":{\"@id\":\"https:\\\/\\\/www.safelift.se\\\/en\\\/#website\"},\"datePublished\":\"2018-02-14T11:58:06+00:00\",\"dateModified\":\"2023-03-10T10:18:04+00:00\",\"breadcrumb\":{\"@id\":\"https:\\\/\\\/www.safelift.se\\\/fi\\\/retailer\\\/#breadcrumb\"},\"inLanguage\":\"fi\",\"potentialAction\":[{\"@type\":\"ReadAction\",\"target\":[\"https:\\\/\\\/www.safelift.se\\\/fi\\\/retailer\\\/\"]}]},{\"@type\":\"BreadcrumbList\",\"@id\":\"https:\\\/\\\/www.safelift.se\\\/fi\\\/retailer\\\/#breadcrumb\",\"itemListElement\":[{\"@type\":\"ListItem\",\"position\":1,\"name\":\"Hem\",\"item\":\"https:\\\/\\\/www.safelift.se\\\/fi\\\/\"},{\"@type\":\"ListItem\",\"position\":2,\"name\":\"J\u00e4lleenmyyj\u00e4t\"}]},{\"@type\":\"WebSite\",\"@id\":\"https:\\\/\\\/www.safelift.se\\\/en\\\/#website\",\"url\":\"https:\\\/\\\/www.safelift.se\\\/en\\\/\",\"name\":\"Safelift\",\"description\":\"Pylv\u00e4snostimet sis\u00e4k\u00e4ytt\u00f6\u00f6n\",\"publisher\":{\"@id\":\"https:\\\/\\\/www.safelift.se\\\/en\\\/#organization\"},\"potentialAction\":[{\"@type\":\"SearchAction\",\"target\":{\"@type\":\"EntryPoint\",\"urlTemplate\":\"https:\\\/\\\/www.safelift.se\\\/en\\\/?s={search_term_string}\"},\"query-input\":{\"@type\":\"PropertyValueSpecification\",\"valueRequired\":true,\"valueName\":\"search_term_string\"}}],\"inLanguage\":\"fi\"},{\"@type\":\"Organization\",\"@id\":\"https:\\\/\\\/www.safelift.se\\\/en\\\/#organization\",\"name\":\"Safelift\",\"url\":\"https:\\\/\\\/www.safelift.se\\\/en\\\/\",\"logo\":{\"@type\":\"ImageObject\",\"inLanguage\":\"fi\",\"@id\":\"https:\\\/\\\/www.safelift.se\\\/en\\\/#\\\/schema\\\/logo\\\/image\\\/\",\"url\":\"https:\\\/\\\/www.safelift.se\\\/wp-content\\\/uploads\\\/platta.gif\",\"contentUrl\":\"https:\\\/\\\/www.safelift.se\\\/wp-content\\\/uploads\\\/platta.gif\",\"width\":487,\"height\":267,\"caption\":\"Safelift\"},\"image\":{\"@id\":\"https:\\\/\\\/www.safelift.se\\\/en\\\/#\\\/schema\\\/logo\\\/image\\\/\"},\"sameAs\":[\"https:\\\/\\\/www.facebook.com\\\/Safelift\\\/\"]}]}<\/script>\n<!-- \/ Yoast SEO plugin. -->","yoast_head_json":{"title":"J\u00e4lleenmyyj\u00e4t - Safelift - Pylv\u00e4snostimet sis\u00e4k\u00e4ytt\u00f6\u00f6n","robots":{"index":"index","follow":"follow","max-snippet":"max-snippet:-1","max-image-preview":"max-image-preview:large","max-video-preview":"max-video-preview:-1"},"canonical":"https:\/\/www.safelift.se\/fi\/retailer\/","og_locale":"fi_FI","og_type":"article","og_title":"J\u00e4lleenmyyj\u00e4t - Safelift - Pylv\u00e4snostimet sis\u00e4k\u00e4ytt\u00f6\u00f6n","og_description":"Gantic ASwww.gantic.noTecramwww.tecram.chStockmanwww.stockman.frKonetalovainikkakonetalovainikka.fi Miika MatikainenTehtaanedustajamiika.matikainen@safelift.se+358 451 896 808MST-Tradingmst-trading.dk SB Lift ApSsblift.dkHDWwww.hdwnl.come.m. works! GmbHem-works.de Schwenkschwenk-arbeitsbuehnen.deInterhermeswww.interhermes.comSafelift Sweden ABwww.safelift.seLevante Liftlevantelift.comGaynergayner.net Representante de la f\u00e1bricaMahkameh Gallego+34 627 222 535 Phoenix Mecano Espa\u00f1a, S.A.phoenix-mecano.esLAST MILE Systemswww.lastmile.atEncorp Co., Ltdwww.encorp.co.thGeorentgeorent.geLaadurlaadur.lvStoragesystemsstoragesystems.com.mtNLIFT d.o.o.www.inlift.siKorea Uni Com Co., Ltdkoreaunicom@daum.netAccessCo accesscomove.comHDWwww.hdw-polska.plHDWwww.hdwbelux.comJ\u00e4lleenmyyj\u00e4t Etsimme j\u00e4lleenmyyji\u00e4 toimitilajohtamisen, v\u00e4hitt\u00e4ismyynnin, julkisten palveluiden ja p\u00e4ivitt\u00e4istavarakaupan piirist\u00e4. Jos haluatte esittelyn, ottakaa yhteytt\u00e4 yhteydenottolomakkeella tai s\u00e4hk\u00f6postilla [&hellip;]","og_url":"https:\/\/www.safelift.se\/fi\/retailer\/","og_site_name":"Safelift","article_publisher":"https:\/\/www.facebook.com\/Safelift\/","article_modified_time":"2023-03-10T10:18:04+00:00","og_image":[{"width":1200,"height":675,"url":"https:\/\/www.safelift.se\/wp-content\/uploads\/yoast-default.jpg","type":"image\/jpeg"}],"twitter_card":"summary_large_image","twitter_misc":{"Arvioitu lukuaika":"3 minuuttia"},"schema":{"@context":"https:\/\/schema.org","@graph":[{"@type":"WebPage","@id":"https:\/\/www.safelift.se\/fi\/retailer\/","url":"https:\/\/www.safelift.se\/fi\/retailer\/","name":"J\u00e4lleenmyyj\u00e4t - Safelift - Pylv\u00e4snostimet sis\u00e4k\u00e4ytt\u00f6\u00f6n","isPartOf":{"@id":"https:\/\/www.safelift.se\/en\/#website"},"datePublished":"2018-02-14T11:58:06+00:00","dateModified":"2023-03-10T10:18:04+00:00","breadcrumb":{"@id":"https:\/\/www.safelift.se\/fi\/retailer\/#breadcrumb"},"inLanguage":"fi","potentialAction":[{"@type":"ReadAction","target":["https:\/\/www.safelift.se\/fi\/retailer\/"]}]},{"@type":"BreadcrumbList","@id":"https:\/\/www.safelift.se\/fi\/retailer\/#breadcrumb","itemListElement":[{"@type":"ListItem","position":1,"name":"Hem","item":"https:\/\/www.safelift.se\/fi\/"},{"@type":"ListItem","position":2,"name":"J\u00e4lleenmyyj\u00e4t"}]},{"@type":"WebSite","@id":"https:\/\/www.safelift.se\/en\/#website","url":"https:\/\/www.safelift.se\/en\/","name":"Safelift","description":"Pylv\u00e4snostimet sis\u00e4k\u00e4ytt\u00f6\u00f6n","publisher":{"@id":"https:\/\/www.safelift.se\/en\/#organization"},"potentialAction":[{"@type":"SearchAction","target":{"@type":"EntryPoint","urlTemplate":"https:\/\/www.safelift.se\/en\/?s={search_term_string}"},"query-input":{"@type":"PropertyValueSpecification","valueRequired":true,"valueName":"search_term_string"}}],"inLanguage":"fi"},{"@type":"Organization","@id":"https:\/\/www.safelift.se\/en\/#organization","name":"Safelift","url":"https:\/\/www.safelift.se\/en\/","logo":{"@type":"ImageObject","inLanguage":"fi","@id":"https:\/\/www.safelift.se\/en\/#\/schema\/logo\/image\/","url":"https:\/\/www.safelift.se\/wp-content\/uploads\/platta.gif","contentUrl":"https:\/\/www.safelift.se\/wp-content\/uploads\/platta.gif","width":487,"height":267,"caption":"Safelift"},"image":{"@id":"https:\/\/www.safelift.se\/en\/#\/schema\/logo\/image\/"},"sameAs":["https:\/\/www.facebook.com\/Safelift\/"]}]}},"_links":{"self":[{"href":"https:\/\/www.safelift.se\/fi\/wp-json\/wp\/v2\/pages\/2086","targetHints":{"allow":["GET"]}}],"collection":[{"href":"https:\/\/www.safelift.se\/fi\/wp-json\/wp\/v2\/pages"}],"about":[{"href":"https:\/\/www.safelift.se\/fi\/wp-json\/wp\/v2\/types\/page"}],"author":[{"embeddable":true,"href":"https:\/\/www.safelift.se\/fi\/wp-json\/wp\/v2\/users\/1"}],"replies":[{"embeddable":true,"href":"https:\/\/www.safelift.se\/fi\/wp-json\/wp\/v2\/comments?post=2086"}],"version-history":[{"count":0,"href":"https:\/\/www.safelift.se\/fi\/wp-json\/wp\/v2\/pages\/2086\/revisions"}],"wp:attachment":[{"href":"https:\/\/www.safelift.se\/fi\/wp-json\/wp\/v2\/media?parent=2086"}],"curies":[{"name":"wp","href":"https:\/\/api.w.org\/{rel}","templated":true}]}}