{"id":2081,"date":"2018-05-23T14:06:25","date_gmt":"2018-05-23T12:06:25","guid":{"rendered":"https:\/\/www.safelift.se\/?page_id=2081"},"modified":"2023-03-03T14:40:06","modified_gmt":"2023-03-03T13:40:06","slug":"galleria","status":"publish","type":"page","link":"https:\/\/www.safelift.se\/fi\/galleria\/","title":{"rendered":"Galleria"},"content":{"rendered":"<p>[et_pb_section fb_built=&#8221;1&#8243; fullwidth=&#8221;on&#8221; _builder_version=&#8221;4.16&#8243; global_colors_info=&#8221;{}&#8221;][et_pb_fullwidth_header header_fullscreen=&#8221;on&#8221; header_scroll_down=&#8221;on&#8221; scroll_down_icon=&#8221;%%1%%&#8221; _builder_version=&#8221;4.16&#8243; background_color=&#8221;rgba(255, 255, 255, 0)&#8221; background_image=&#8221;https:\/\/www.safelift.se\/wp-content\/uploads\/180116_safelift_fjl_786.jpg&#8221; parallax=&#8221;on&#8221; parallax_method=&#8221;on&#8221; background_layout=&#8221;light&#8221; global_colors_info=&#8221;{}&#8221; button_one_text_size__hover_enabled=&#8221;off&#8221; button_two_text_size__hover_enabled=&#8221;off&#8221; button_one_text_color__hover_enabled=&#8221;off&#8221; button_two_text_color__hover_enabled=&#8221;off&#8221; button_one_border_width__hover_enabled=&#8221;off&#8221; button_two_border_width__hover_enabled=&#8221;off&#8221; button_one_border_color__hover_enabled=&#8221;off&#8221; button_two_border_color__hover_enabled=&#8221;off&#8221; button_one_border_radius__hover_enabled=&#8221;off&#8221; button_two_border_radius__hover_enabled=&#8221;off&#8221; button_one_letter_spacing__hover_enabled=&#8221;off&#8221; button_two_letter_spacing__hover_enabled=&#8221;off&#8221; button_one_bg_color__hover_enabled=&#8221;off&#8221; button_two_bg_color__hover_enabled=&#8221;off&#8221;][\/et_pb_fullwidth_header][\/et_pb_section][et_pb_section fb_built=&#8221;1&#8243; admin_label=&#8221;Gallery (all languages &#8211; original in EN)&#8221; _builder_version=&#8221;4.20.0&#8243; custom_padding=&#8221;||||false|false&#8221; global_module=&#8221;12297&#8243; saved_tabs=&#8221;all&#8221; global_colors_info=&#8221;{}&#8221; locked=&#8221;off&#8221;][et_pb_row use_custom_gutter=&#8221;on&#8221; gutter_width=&#8221;2&#8243; admin_label=&#8221;Header (global)&#8221; _builder_version=&#8221;4.16&#8243; global_colors_info=&#8221;{}&#8221;][et_pb_column type=&#8221;4_4&#8243; _builder_version=&#8221;4.16&#8243; custom_padding=&#8221;|||&#8221; global_colors_info=&#8221;{}&#8221; custom_padding__hover=&#8221;|||&#8221;][et_pb_text admin_label=&#8221;Header&#8221; _builder_version=&#8221;4.20.0&#8243; _dynamic_attributes=&#8221;content&#8221; global_colors_info=&#8221;{}&#8221;]@ET-DC@eyJkeW5hbWljIjp0cnVlLCJjb250ZW50IjoicG9zdF90aXRsZSIsInNldHRpbmdzIjp7ImJlZm9yZSI6IjxoMT4iLCJhZnRlciI6IjwvaDE+In19@[\/et_pb_text][\/et_pb_column][\/et_pb_row][et_pb_row use_custom_gutter=&#8221;on&#8221; gutter_width=&#8221;2&#8243; admin_label=&#8221;Gallery (global)&#8221; _builder_version=&#8221;4.16&#8243; global_colors_info=&#8221;{}&#8221;][et_pb_column type=&#8221;4_4&#8243; _builder_version=&#8221;4.16&#8243; custom_padding=&#8221;|||&#8221; global_colors_info=&#8221;{}&#8221; custom_padding__hover=&#8221;|||&#8221;][et_pb_gallery gallery_ids=&#8221;8388,8433,910,906,618,687,688,689,690,877,878,597,6627,589,587,586,584,583,549,559,580,581,12,1197,1196,1195,1194,1200,1368,6682,6673,6664,6655,6645,6636,8424,8415,8406,8397,8092,8083,8074,8009,8065,7952,7917,7908,7899,7890,7635,7626,7617,7608,7599,7590,7171&#8243; posts_number=&#8221;1000&#8243; show_title_and_caption=&#8221;off&#8221; zoom_icon_color=&#8221;#ffc310&#8243; hover_overlay_color=&#8221;rgba(0,0,0,0.8)&#8221; hover_icon=&#8221;&#x55;||divi||400&#8243; admin_label=&#8221;Gallery&#8221; _builder_version=&#8221;4.16&#8243; pagination_font_size_tablet=&#8221;51&#8243; pagination_line_height_tablet=&#8221;2&#8243; global_colors_info=&#8221;{}&#8221;][\/et_pb_gallery][\/et_pb_column][\/et_pb_row][\/et_pb_section]<\/p>\n","protected":false},"excerpt":{"rendered":"","protected":false},"author":1,"featured_media":0,"parent":0,"menu_order":0,"comment_status":"closed","ping_status":"closed","template":"","meta":{"_et_pb_use_builder":"on","_et_pb_old_content":"","_et_gb_content_width":"","footnotes":""},"class_list":["post-2081","page","type-page","status-publish","hentry"],"yoast_head":"<!-- This site is optimized with the Yoast SEO plugin v27.4 - https:\/\/yoast.com\/product\/yoast-seo-wordpress\/ -->\n<title>Galleria - Safelift - Pylv\u00e4snostimet sis\u00e4k\u00e4ytt\u00f6\u00f6n<\/title>\n<meta name=\"robots\" content=\"index, follow, max-snippet:-1, max-image-preview:large, max-video-preview:-1\" \/>\n<link rel=\"canonical\" href=\"https:\/\/www.safelift.se\/fi\/galleria\/\" \/>\n<meta property=\"og:locale\" content=\"fi_FI\" \/>\n<meta property=\"og:type\" content=\"article\" \/>\n<meta property=\"og:title\" content=\"Galleria - Safelift - Pylv\u00e4snostimet sis\u00e4k\u00e4ytt\u00f6\u00f6n\" \/>\n<meta property=\"og:url\" content=\"https:\/\/www.safelift.se\/fi\/galleria\/\" \/>\n<meta property=\"og:site_name\" content=\"Safelift\" \/>\n<meta property=\"article:publisher\" content=\"https:\/\/www.facebook.com\/Safelift\/\" \/>\n<meta property=\"article:modified_time\" content=\"2023-03-03T13:40:06+00:00\" \/>\n<meta property=\"og:image\" content=\"https:\/\/www.safelift.se\/wp-content\/uploads\/yoast-default.jpg\" \/>\n\t<meta property=\"og:image:width\" content=\"1200\" \/>\n\t<meta property=\"og:image:height\" content=\"675\" \/>\n\t<meta property=\"og:image:type\" content=\"image\/jpeg\" \/>\n<meta name=\"twitter:card\" content=\"summary_large_image\" \/>\n<meta name=\"twitter:label1\" content=\"Arvioitu lukuaika\" \/>\n\t<meta name=\"twitter:data1\" content=\"1 minuutti\" \/>\n<script type=\"application\/ld+json\" class=\"yoast-schema-graph\">{\"@context\":\"https:\\\/\\\/schema.org\",\"@graph\":[{\"@type\":\"WebPage\",\"@id\":\"https:\\\/\\\/www.safelift.se\\\/fi\\\/galleria\\\/\",\"url\":\"https:\\\/\\\/www.safelift.se\\\/fi\\\/galleria\\\/\",\"name\":\"Galleria - Safelift - Pylv\u00e4snostimet sis\u00e4k\u00e4ytt\u00f6\u00f6n\",\"isPartOf\":{\"@id\":\"https:\\\/\\\/www.safelift.se\\\/en\\\/#website\"},\"datePublished\":\"2018-05-23T12:06:25+00:00\",\"dateModified\":\"2023-03-03T13:40:06+00:00\",\"breadcrumb\":{\"@id\":\"https:\\\/\\\/www.safelift.se\\\/fi\\\/galleria\\\/#breadcrumb\"},\"inLanguage\":\"fi\",\"potentialAction\":[{\"@type\":\"ReadAction\",\"target\":[\"https:\\\/\\\/www.safelift.se\\\/fi\\\/galleria\\\/\"]}]},{\"@type\":\"BreadcrumbList\",\"@id\":\"https:\\\/\\\/www.safelift.se\\\/fi\\\/galleria\\\/#breadcrumb\",\"itemListElement\":[{\"@type\":\"ListItem\",\"position\":1,\"name\":\"Hem\",\"item\":\"https:\\\/\\\/www.safelift.se\\\/fi\\\/\"},{\"@type\":\"ListItem\",\"position\":2,\"name\":\"Galleria\"}]},{\"@type\":\"WebSite\",\"@id\":\"https:\\\/\\\/www.safelift.se\\\/en\\\/#website\",\"url\":\"https:\\\/\\\/www.safelift.se\\\/en\\\/\",\"name\":\"Safelift\",\"description\":\"Pylv\u00e4snostimet sis\u00e4k\u00e4ytt\u00f6\u00f6n\",\"publisher\":{\"@id\":\"https:\\\/\\\/www.safelift.se\\\/en\\\/#organization\"},\"potentialAction\":[{\"@type\":\"SearchAction\",\"target\":{\"@type\":\"EntryPoint\",\"urlTemplate\":\"https:\\\/\\\/www.safelift.se\\\/en\\\/?s={search_term_string}\"},\"query-input\":{\"@type\":\"PropertyValueSpecification\",\"valueRequired\":true,\"valueName\":\"search_term_string\"}}],\"inLanguage\":\"fi\"},{\"@type\":\"Organization\",\"@id\":\"https:\\\/\\\/www.safelift.se\\\/en\\\/#organization\",\"name\":\"Safelift\",\"url\":\"https:\\\/\\\/www.safelift.se\\\/en\\\/\",\"logo\":{\"@type\":\"ImageObject\",\"inLanguage\":\"fi\",\"@id\":\"https:\\\/\\\/www.safelift.se\\\/en\\\/#\\\/schema\\\/logo\\\/image\\\/\",\"url\":\"https:\\\/\\\/www.safelift.se\\\/wp-content\\\/uploads\\\/platta.gif\",\"contentUrl\":\"https:\\\/\\\/www.safelift.se\\\/wp-content\\\/uploads\\\/platta.gif\",\"width\":487,\"height\":267,\"caption\":\"Safelift\"},\"image\":{\"@id\":\"https:\\\/\\\/www.safelift.se\\\/en\\\/#\\\/schema\\\/logo\\\/image\\\/\"},\"sameAs\":[\"https:\\\/\\\/www.facebook.com\\\/Safelift\\\/\"]}]}<\/script>\n<!-- \/ Yoast SEO plugin. -->","yoast_head_json":{"title":"Galleria - Safelift - Pylv\u00e4snostimet sis\u00e4k\u00e4ytt\u00f6\u00f6n","robots":{"index":"index","follow":"follow","max-snippet":"max-snippet:-1","max-image-preview":"max-image-preview:large","max-video-preview":"max-video-preview:-1"},"canonical":"https:\/\/www.safelift.se\/fi\/galleria\/","og_locale":"fi_FI","og_type":"article","og_title":"Galleria - Safelift - Pylv\u00e4snostimet sis\u00e4k\u00e4ytt\u00f6\u00f6n","og_url":"https:\/\/www.safelift.se\/fi\/galleria\/","og_site_name":"Safelift","article_publisher":"https:\/\/www.facebook.com\/Safelift\/","article_modified_time":"2023-03-03T13:40:06+00:00","og_image":[{"width":1200,"height":675,"url":"https:\/\/www.safelift.se\/wp-content\/uploads\/yoast-default.jpg","type":"image\/jpeg"}],"twitter_card":"summary_large_image","twitter_misc":{"Arvioitu lukuaika":"1 minuutti"},"schema":{"@context":"https:\/\/schema.org","@graph":[{"@type":"WebPage","@id":"https:\/\/www.safelift.se\/fi\/galleria\/","url":"https:\/\/www.safelift.se\/fi\/galleria\/","name":"Galleria - Safelift - Pylv\u00e4snostimet sis\u00e4k\u00e4ytt\u00f6\u00f6n","isPartOf":{"@id":"https:\/\/www.safelift.se\/en\/#website"},"datePublished":"2018-05-23T12:06:25+00:00","dateModified":"2023-03-03T13:40:06+00:00","breadcrumb":{"@id":"https:\/\/www.safelift.se\/fi\/galleria\/#breadcrumb"},"inLanguage":"fi","potentialAction":[{"@type":"ReadAction","target":["https:\/\/www.safelift.se\/fi\/galleria\/"]}]},{"@type":"BreadcrumbList","@id":"https:\/\/www.safelift.se\/fi\/galleria\/#breadcrumb","itemListElement":[{"@type":"ListItem","position":1,"name":"Hem","item":"https:\/\/www.safelift.se\/fi\/"},{"@type":"ListItem","position":2,"name":"Galleria"}]},{"@type":"WebSite","@id":"https:\/\/www.safelift.se\/en\/#website","url":"https:\/\/www.safelift.se\/en\/","name":"Safelift","description":"Pylv\u00e4snostimet sis\u00e4k\u00e4ytt\u00f6\u00f6n","publisher":{"@id":"https:\/\/www.safelift.se\/en\/#organization"},"potentialAction":[{"@type":"SearchAction","target":{"@type":"EntryPoint","urlTemplate":"https:\/\/www.safelift.se\/en\/?s={search_term_string}"},"query-input":{"@type":"PropertyValueSpecification","valueRequired":true,"valueName":"search_term_string"}}],"inLanguage":"fi"},{"@type":"Organization","@id":"https:\/\/www.safelift.se\/en\/#organization","name":"Safelift","url":"https:\/\/www.safelift.se\/en\/","logo":{"@type":"ImageObject","inLanguage":"fi","@id":"https:\/\/www.safelift.se\/en\/#\/schema\/logo\/image\/","url":"https:\/\/www.safelift.se\/wp-content\/uploads\/platta.gif","contentUrl":"https:\/\/www.safelift.se\/wp-content\/uploads\/platta.gif","width":487,"height":267,"caption":"Safelift"},"image":{"@id":"https:\/\/www.safelift.se\/en\/#\/schema\/logo\/image\/"},"sameAs":["https:\/\/www.facebook.com\/Safelift\/"]}]}},"_links":{"self":[{"href":"https:\/\/www.safelift.se\/fi\/wp-json\/wp\/v2\/pages\/2081","targetHints":{"allow":["GET"]}}],"collection":[{"href":"https:\/\/www.safelift.se\/fi\/wp-json\/wp\/v2\/pages"}],"about":[{"href":"https:\/\/www.safelift.se\/fi\/wp-json\/wp\/v2\/types\/page"}],"author":[{"embeddable":true,"href":"https:\/\/www.safelift.se\/fi\/wp-json\/wp\/v2\/users\/1"}],"replies":[{"embeddable":true,"href":"https:\/\/www.safelift.se\/fi\/wp-json\/wp\/v2\/comments?post=2081"}],"version-history":[{"count":0,"href":"https:\/\/www.safelift.se\/fi\/wp-json\/wp\/v2\/pages\/2081\/revisions"}],"wp:attachment":[{"href":"https:\/\/www.safelift.se\/fi\/wp-json\/wp\/v2\/media?parent=2081"}],"curies":[{"name":"wp","href":"https:\/\/api.w.org\/{rel}","templated":true}]}}