{"id":1800,"date":"2018-02-14T11:58:06","date_gmt":"2018-02-14T11:58:06","guid":{"rendered":"https:\/\/www.safelift.se\/retailer\/"},"modified":"2023-03-10T11:19:49","modified_gmt":"2023-03-10T10:19:49","slug":"einzelhandler","status":"publish","type":"page","link":"https:\/\/www.safelift.se\/de\/einzelhandler\/","title":{"rendered":"Einzelh\u00e4ndler"},"content":{"rendered":"<p>[et_pb_section fb_built=&#8220;1&#8243; fullwidth=&#8220;on&#8220; _builder_version=&#8220;4.16&#8243; global_colors_info=&#8220;{}&#8220;][et_pb_fullwidth_map address=&#8220;Paris, France&#8220; zoom_level=&#8220;3&#8243; address_lat=&#8220;56.79413560802714&#8243; address_lng=&#8220;22.215503150000018&#8243; mouse_wheel=&#8220;off&#8220; _builder_version=&#8220;4.19.5&#8243; global_module=&#8220;10358&#8243; saved_tabs=&#8220;all&#8220; locked=&#8220;off&#8220; global_colors_info=&#8220;{}&#8220;][et_pb_map_pin title=&#8220;Norway&#8220; pin_address=&#8220;Norway&#8220; pin_address_lat=&#8220;60.47202399999999&#8243; pin_address_lng=&#8220;8.46894599999996&#8243; _builder_version=&#8220;4.9.7&#8243; global_colors_info=&#8220;{}&#8220;]<\/p>\n<p>Gantic AS<br \/><a href=\"https:\/\/www.gantic.no\">www.gantic.no<\/a><\/p>\n<p>[\/et_pb_map_pin][et_pb_map_pin title=&#8220;Switzerland&#8220; pin_address=&#8220;Switzerland&#8220; pin_address_lat=&#8220;46.818188&#8243; pin_address_lng=&#8220;8.227511999999933&#8243; _builder_version=&#8220;4.9.7&#8243; global_colors_info=&#8220;{}&#8220;]<\/p>\n<p>Tecram<br \/><a href=\"http:\/\/www.tecram.ch\">www.tecram.ch<\/a><\/p>\n<p>[\/et_pb_map_pin][et_pb_map_pin title=&#8220;France&#8220; pin_address=&#8220;France&#8220; pin_address_lat=&#8220;46.227638&#8243; pin_address_lng=&#8220;2.213749000000007&#8243; _builder_version=&#8220;4.9.7&#8243; global_colors_info=&#8220;{}&#8220;]<\/p>\n<p>Stockman<br \/><a href=\"https:\/\/www.stockman.fr\/\">www.stockman.fr<\/a><\/p>\n<p>[\/et_pb_map_pin][et_pb_map_pin title=&#8220;Finland&#8220; pin_address=&#8220;Finland&#8220; pin_address_lat=&#8220;61.92410999999999&#8243; pin_address_lng=&#8220;25.748151099999973&#8243; _builder_version=&#8220;4.7.2&#8243; global_colors_info=&#8220;{}&#8220;]<\/p>\n<p>Konetalovainikka<br \/><a href=\"https:\/\/konetalovainikka.fi\">konetalovainikka.fi<\/a><\/p>\n<p>Miika Matikainen<br \/>Tehtaanedustaja<br \/><a href=\"mailto:miika.matikainen@safelift.se\">miika.matikainen@safelift.se<\/a><br \/>+358 451 896 808<\/p>\n<p>[\/et_pb_map_pin][et_pb_map_pin title=&#8220;Denmark&#8220; pin_address=&#8220;Denmark&#8220; pin_address_lat=&#8220;56.26392&#8243; pin_address_lng=&#8220;9.50178500000004&#8243; _builder_version=&#8220;4.9.7&#8243; global_colors_info=&#8220;{}&#8220;]<\/p>\n<p>MST-Trading<br \/><a href=\"https:\/\/mst-trading.dk\">mst-trading.dk<\/a><\/p>\n<p>SB Lift ApS<br \/><a href=\"https:\/\/sblift.dk\">sblift.dk<\/a><\/p>\n<p>[\/et_pb_map_pin][et_pb_map_pin title=&#8220;Netherlands&#8220; pin_address=&#8220;Netherlands&#8220; pin_address_lat=&#8220;52.132633&#8243; pin_address_lng=&#8220;5.2912659999999505&#8243; _builder_version=&#8220;4.17.6&#8243; global_colors_info=&#8220;{}&#8220;]<\/p>\n<p>HDW<br \/><a href=\"https:\/\/www.hdwnl.com\">www.hdwnl.com<\/a><\/p>\n<p>[\/et_pb_map_pin][et_pb_map_pin title=&#8220;Germany&#8220; pin_address=&#8220;Germany&#8220; pin_address_lat=&#8220;51.165691&#8243; pin_address_lng=&#8220;10.451526000000058&#8243; _builder_version=&#8220;4.9.7&#8243; global_colors_info=&#8220;{}&#8220;]<\/p>\n<p><strong>e.m. works! GmbH<\/strong><br \/><a href=\"https:\/\/www.em-workshop.de\/\">em-works.de<\/a><\/p>\n<p><strong>Schwenk<\/strong><br \/><a href=\"https:\/\/schwenk-arbeitsbuehnen.de\/\">schwenk-arbeitsbuehnen.de<\/a><\/p>\n<p>[\/et_pb_map_pin][et_pb_map_pin title=&#8220;Serbia&#8220; pin_address=&#8220;Serbia&#8220; pin_address_lat=&#8220;44.016521&#8243; pin_address_lng=&#8220;21.005858999999987&#8243; _builder_version=&#8220;4.9.7&#8243; global_colors_info=&#8220;{}&#8220;]<\/p>\n<p>Interhermes<br \/><a href=\"http:\/\/www.interhermes.com\">www.interhermes.com<\/a><\/p>\n<p>[\/et_pb_map_pin][et_pb_map_pin title=&#8220;Sweden&#8220; pin_address=&#8220;Utterv\u00e4gen 6, 352 45 V\u00e4xj\u00f6, Sweden&#8220; pin_address_lat=&#8220;56.9117662&#8243; pin_address_lng=&#8220;14.829379199999948&#8243; _builder_version=&#8220;4.9.7&#8243; global_colors_info=&#8220;{}&#8220;]<\/p>\n<p>Safelift Sweden AB<br \/><a href=\"https:\/\/www.safelift.se\">www.safelift.se<\/a><\/p>\n<p>[\/et_pb_map_pin][et_pb_map_pin title=&#8220;Italy&#8220; zoom_level=&#8220;4&#8243; pin_address_lat=&#8220;41.442726377672&#8243; pin_address_lng=&#8220;14.677734375&#8243; _builder_version=&#8220;4.9.7&#8243; _module_preset=&#8220;default&#8220; global_colors_info=&#8220;{}&#8220;]<\/p>\n<p>Levante Lift<br \/><a href=\"http:\/\/www.levantelift.com\">levantelift.com<\/a><\/p>\n<p>[\/et_pb_map_pin][et_pb_map_pin title=&#8220;Spain&#8220; zoom_level=&#8220;3&#8243; pin_address_lat=&#8220;39.774769485295&#8243; pin_address_lng=&#8220;-3.33984375&#8243; _builder_version=&#8220;4.19.5&#8243; _module_preset=&#8220;default&#8220; global_colors_info=&#8220;{}&#8220;]<\/p>\n<p>Gayner<strong><br \/><\/strong><a href=\"https:\/\/www.gayner.net\">gayner.net<\/a><\/p>\n<p>Representante de la f\u00e1brica<br \/>Mahkameh Gallego<br \/>+34 627 222 535<\/p>\n<p>Phoenix Mecano Espa\u00f1a, S.A.<br \/><a href=\"http:\/\/www.phoenix-mecano.es\">phoenix-mecano.es<\/a><\/p>\n<p>[\/et_pb_map_pin][et_pb_map_pin title=&#8220;Austria&#8220; zoom_level=&#8220;6&#8243; pin_address_lat=&#8220;47.591346476797&#8243; pin_address_lng=&#8220;14.501953125&#8243; _builder_version=&#8220;4.9.7&#8243; _module_preset=&#8220;default&#8220; global_colors_info=&#8220;{}&#8220;]<\/p>\n<p>LAST MILE Systems<br \/><a href=\"https:\/\/www.lastmile.at\">www.lastmile.at<\/a><\/p>\n<p>[\/et_pb_map_pin][et_pb_map_pin title=&#8220;Thailand&#8220; zoom_level=&#8220;2&#8243; pin_address_lat=&#8220;15.411319377981&#8243; pin_address_lng=&#8220;102.744140625&#8243; _builder_version=&#8220;4.7.2&#8243; _module_preset=&#8220;default&#8220; global_colors_info=&#8220;{}&#8220;]<\/p>\n<p>Encorp Co., Ltd<br \/><a href=\"http:\/\/encorp.co.th\/\">www.encorp.co.th<\/a><\/p>\n<p>[\/et_pb_map_pin][et_pb_map_pin title=&#8220; Georgia&#8220; pin_address=&#8220;georgia&#8220; zoom_level=&#8220;4&#8243; pin_address_lat=&#8220;42.098222411191&#8243; pin_address_lng=&#8220;43.330078125&#8243; _builder_version=&#8220;4.9.7&#8243; _module_preset=&#8220;default&#8220; global_colors_info=&#8220;{}&#8220;]<\/p>\n<p>Georent<br \/><a href=\"http:\/\/georent.ge\">georent.ge<\/a><\/p>\n<p>[\/et_pb_map_pin][et_pb_map_pin title=&#8220;Latvia&#8220; pin_address=&#8220;Riga, Lettland&#8220; pin_address_lat=&#8220;56.9496487&#8243; pin_address_lng=&#8220;24.1051865&#8243; _builder_version=&#8220;4.9.7&#8243; _module_preset=&#8220;default&#8220; global_colors_info=&#8220;{}&#8220;]<\/p>\n<p><strong>Laadur<br \/><\/strong><a href=\"https:\/\/www.laadur.lv\">laadur.lv<\/a><\/p>\n<p>[\/et_pb_map_pin][et_pb_map_pin title=&#8220;Malta&#8220; pin_address=&#8220;Malta&#8220; zoom_level=&#8220;8&#8243; pin_address_lat=&#8220;35.937496&#8243; pin_address_lng=&#8220;14.375416&#8243; _builder_version=&#8220;4.9.7&#8243; _module_preset=&#8220;default&#8220; global_colors_info=&#8220;{}&#8220;]<\/p>\n<p><strong>Storagesystems<\/strong><br \/><a href=\"https:\/\/www.storagesystems.com.mt\/\">storagesystems.com.mt<\/a><\/p>\n<p>[\/et_pb_map_pin][et_pb_map_pin title=&#8220;Slovenia&#8220; pin_address=&#8220;Dunajska cesta 9, 1000 Ljubljana, Slovenien&#8220; zoom_level=&#8220;8&#8243; pin_address_lat=&#8220;46.059834932735&#8243; pin_address_lng=&#8220;14.506571398438&#8243; _builder_version=&#8220;4.11.1&#8243; _module_preset=&#8220;default&#8220; global_colors_info=&#8220;{}&#8220;]<\/p>\n<p>NLIFT d.o.o.<br \/><a href=\"https:\/\/www.inlift.si\">www.inlift.si<\/a><\/p>\n<p>[\/et_pb_map_pin][et_pb_map_pin title=&#8220;South Korea&#8220; pin_address=&#8220;Seolgae-ro, Sujeong-gu, Seongnam-si, Gyeonggi-do, Sydkorea&#8220; pin_address_lat=&#8220;37.4190414&#8243; pin_address_lng=&#8220;127.1076868&#8243; _builder_version=&#8220;4.17.0&#8243; _module_preset=&#8220;default&#8220; global_colors_info=&#8220;{}&#8220;]<\/p>\n<p>Korea Uni Com Co., Ltd<br \/><a href=\"mailto:koreaunicom@daum.net\">koreaunicom@daum.net<\/a><\/p>\n<p>[\/et_pb_map_pin][et_pb_map_pin title=&#8220;Ireland&#8220; pin_address=&#8220;Dublin, Irland&#8220; pin_address_lat=&#8220;53.3498053&#8243; pin_address_lng=&#8220;-6.2603097&#8243; _builder_version=&#8220;4.17.4&#8243; _module_preset=&#8220;default&#8220; global_colors_info=&#8220;{}&#8220;]AccessCo<br \/>\n<a href=\"https:\/\/accesscomove.com\">accesscomove.com<\/a>[\/et_pb_map_pin][et_pb_map_pin title=&#8220;Poland&#8220; pin_address=&#8220;Centrum 10, 00-647 Warszawa, Polen&#8220; zoom_level=&#8220;7&#8243; pin_address_lat=&#8220;52.230054088127&#8243; pin_address_lng=&#8220;21.01281178125&#8243; _builder_version=&#8220;4.19.4&#8243; _module_preset=&#8220;default&#8220; global_colors_info=&#8220;{}&#8220;]<\/p>\n<p>HDW<br \/><a href=\"https:\/\/www.hdw-polska.pl\">www.hdw-polska.pl<\/a><\/p>\n<p>[\/et_pb_map_pin][et_pb_map_pin title=&#8220;Belgium&#8220; pin_address=&#8220;Broekstraat 59, 1000 Brussel, Belgien&#8220; zoom_level=&#8220;7&#8243; pin_address_lat=&#8220;50.851975079782&#8243; pin_address_lng=&#8220;4.36007271875&#8243; _builder_version=&#8220;4.19.4&#8243; _module_preset=&#8220;default&#8220; global_colors_info=&#8220;{}&#8220;]<\/p>\n<p>HDW<br \/><a href=\"https:\/\/www.hdwbelux.com\">www.hdwbelux.com<\/a><\/p>\n<p>[\/et_pb_map_pin][\/et_pb_fullwidth_map][\/et_pb_section][et_pb_section fb_built=&#8220;1&#8243; _builder_version=&#8220;4.16&#8243; global_colors_info=&#8220;{}&#8220;][et_pb_row column_structure=&#8220;1_2,1_2&#8243; _builder_version=&#8220;4.16&#8243; background_size=&#8220;initial&#8220; background_position=&#8220;top_left&#8220; background_repeat=&#8220;repeat&#8220; global_colors_info=&#8220;{}&#8220;][et_pb_column type=&#8220;1_2&#8243; _builder_version=&#8220;4.16&#8243; custom_padding=&#8220;|||&#8220; global_colors_info=&#8220;{}&#8220; custom_padding__hover=&#8220;|||&#8220;][et_pb_image src=&#8220;https:\/\/www.safelift.se\/wp-content\/uploads\/180116_safelift_fjl_562.jpg&#8220; alt=&#8220;\u00e5terf\u00f6rs\u00e4ljare&#8220; title_text=&#8220;\u00e5terf\u00f6rs\u00e4ljare&#8220; align_tablet=&#8220;center&#8220; align_phone=&#8220;&#8220; align_last_edited=&#8220;on|desktop&#8220; _builder_version=&#8220;4.16&#8243; always_center_on_mobile=&#8220;on&#8220; global_colors_info=&#8220;{}&#8220;][\/et_pb_image][\/et_pb_column][et_pb_column type=&#8220;1_2&#8243; _builder_version=&#8220;4.16&#8243; custom_padding=&#8220;|||&#8220; global_colors_info=&#8220;{}&#8220; custom_padding__hover=&#8220;|||&#8220;][et_pb_text _builder_version=&#8220;4.20.2&#8243; hover_enabled=&#8220;0&#8243; global_colors_info=&#8220;{}&#8220; sticky_enabled=&#8220;0&#8243;]<\/p>\n<h1>Einzelh\u00e4ndler<\/h1>\n<p>Wir suchen Einzelh\u00e4ndler in den Bereichen Geb\u00e4udemanagement, Einzelhandel, \u00f6ffentlicher Dienst und Gebrauchsg\u00fctermarkt.<\/p>\n<p>Bei Interesse f\u00fcr eine Vorf\u00fchrung wenden Sie sich bitte an uns unter Verwendung des <a href=\"https:\/\/www.safelift.se\/de\/kontakt\/\">Kontaktformulars<\/a> oder per E-Mail \u00fcber <a href=\"mailto:info@safelift.se\">info@safelift.se<\/a>.<\/p>\n<p>SafeLift-Produkte werden vermarktet von:<\/p>\n<p>Safelift Sweden AB<br \/>Kvarnv\u00e4gen 14<br \/>S-352 41 V\u00e4xj\u00f6<br \/>Schweden<\/p>\n<p>[\/et_pb_text][\/et_pb_column][\/et_pb_row][\/et_pb_section][et_pb_section fb_built=&#8220;1&#8243; admin_label=&#8220;Advantages of Safelift (de)&#8220; module_class=&#8220;graybg&#8220; _builder_version=&#8220;3.22&#8243; global_module=&#8220;1729&#8243; collapsed=&#8220;on&#8220; global_colors_info=&#8220;{}&#8220;][et_pb_row _builder_version=&#8220;4.16&#8243; background_size=&#8220;initial&#8220; background_position=&#8220;top_left&#8220; background_repeat=&#8220;repeat&#8220; custom_margin=&#8220;||0px|&#8220; custom_padding=&#8220;||0px|&#8220; global_colors_info=&#8220;{}&#8220;][et_pb_column type=&#8220;4_4&#8243; _builder_version=&#8220;4.16&#8243; custom_padding=&#8220;||0px|&#8220; global_colors_info=&#8220;{}&#8220; custom_padding__hover=&#8220;|||&#8220;][et_pb_text admin_label=&#8220;Vorteile von Safelift&#8220; _builder_version=&#8220;4.16&#8243; global_colors_info=&#8220;{}&#8220;]<\/p>\n<h1>Vorteile von Safelift<\/h1>\n<p>[\/et_pb_text][\/et_pb_column][\/et_pb_row][et_pb_row column_structure=&#8220;1_3,1_3,1_3&#8243; make_equal=&#8220;on&#8220; module_class=&#8220;responsive-rows&#8220; _builder_version=&#8220;4.16&#8243; background_size=&#8220;initial&#8220; background_position=&#8220;top_left&#8220; background_repeat=&#8220;repeat&#8220; global_colors_info=&#8220;{}&#8220;][et_pb_column type=&#8220;1_3&#8243; _builder_version=&#8220;4.16&#8243; custom_padding=&#8220;|||&#8220; global_colors_info=&#8220;{}&#8220; custom_padding__hover=&#8220;|||&#8220;][et_pb_blurb title=&#8220;Sicheres Arbeiten in gro\u00dfer H\u00f6he&#8220; use_icon=&#8220;on&#8220; font_icon=&#8220;&#xe0d9;||divi||400&#8243; icon_placement=&#8220;left&#8220; admin_label=&#8220;Sicheres Arbeiten in gro\u00dfer H\u00f6he&#8220; _builder_version=&#8220;4.16&#8243; use_circle=&#8220;off&#8220; use_circle_border=&#8220;off&#8220; global_colors_info=&#8220;{}&#8220;]Mit Safelift beseitigen Sie Unfallrisikiken am Arbeitsplatz.[\/et_pb_blurb][\/et_pb_column][et_pb_column type=&#8220;1_3&#8243; _builder_version=&#8220;4.16&#8243; custom_padding=&#8220;|||&#8220; global_colors_info=&#8220;{}&#8220; custom_padding__hover=&#8220;|||&#8220;][et_pb_blurb title=&#8220;Benutzerfreundlich&#8220; use_icon=&#8220;on&#8220; font_icon=&#8220;&#xe0dd;||divi||400&#8243; icon_placement=&#8220;left&#8220; admin_label=&#8220;Benutzerfreundlich&#8220; _builder_version=&#8220;4.16&#8243; use_circle=&#8220;off&#8220; use_circle_border=&#8220;off&#8220; global_colors_info=&#8220;{}&#8220;]Niedriger Einstieg und einfache Bedienung.[\/et_pb_blurb][\/et_pb_column][et_pb_column type=&#8220;1_3&#8243; _builder_version=&#8220;4.16&#8243; custom_padding=&#8220;|||&#8220; global_colors_info=&#8220;{}&#8220; custom_padding__hover=&#8220;|||&#8220;][et_pb_blurb title=&#8220;Einfache Wartung&#8220; use_icon=&#8220;on&#8220; font_icon=&#8220;&#xe035;||divi||400&#8243; icon_placement=&#8220;left&#8220; admin_label=&#8220;Einfache Wartung&#8220; _builder_version=&#8220;4.16&#8243; use_circle=&#8220;off&#8220; use_circle_border=&#8220;off&#8220; global_colors_info=&#8220;{}&#8220;]Safelift ist einfach zu beladen und zu warten.[\/et_pb_blurb][\/et_pb_column][\/et_pb_row][et_pb_row column_structure=&#8220;1_3,1_3,1_3&#8243; module_class=&#8220;responsive-rows&#8220; _builder_version=&#8220;4.16&#8243; background_size=&#8220;initial&#8220; background_position=&#8220;top_left&#8220; background_repeat=&#8220;repeat&#8220; global_colors_info=&#8220;{}&#8220;][et_pb_column type=&#8220;1_3&#8243; _builder_version=&#8220;4.16&#8243; custom_padding=&#8220;|||&#8220; global_colors_info=&#8220;{}&#8220; custom_padding__hover=&#8220;|||&#8220;][et_pb_blurb title=&#8220;Pers\u00f6nliche Sicherheit&#8220; use_icon=&#8220;on&#8220; font_icon=&#8220;&#xe06c;||divi||400&#8243; icon_placement=&#8220;left&#8220; admin_label=&#8220;Pers\u00f6nliche Sicherheit&#8220; _builder_version=&#8220;4.16&#8243; use_circle=&#8220;off&#8220; use_circle_border=&#8220;off&#8220; global_colors_info=&#8220;{}&#8220;]Anschlagpunkt, Not-Aus und Notabsenkung f\u00fcr Ihre Sicherheit.[\/et_pb_blurb][\/et_pb_column][et_pb_column type=&#8220;1_3&#8243; _builder_version=&#8220;4.16&#8243; custom_padding=&#8220;|||&#8220; global_colors_info=&#8220;{}&#8220; custom_padding__hover=&#8220;|||&#8220;][et_pb_blurb title=&#8220;Leicht und reibungslos&#8220; use_icon=&#8220;on&#8220; font_icon=&#8220;&#xe052;||divi||400&#8243; icon_placement=&#8220;left&#8220; admin_label=&#8220;Leicht und reibungslos&#8220; _builder_version=&#8220;4.16&#8243; use_circle=&#8220;off&#8220; use_circle_border=&#8220;off&#8220; global_colors_info=&#8220;{}&#8220;]Wird in Aufz\u00fcgen transportiert und passt durch T\u00fcren.[\/et_pb_blurb][\/et_pb_column][et_pb_column type=&#8220;1_3&#8243; _builder_version=&#8220;4.16&#8243; custom_padding=&#8220;|||&#8220; global_colors_info=&#8220;{}&#8220; custom_padding__hover=&#8220;|||&#8220;][et_pb_blurb title=&#8220;Intelligente Funktionen&#8220; use_icon=&#8220;on&#8220; font_icon=&#8220;&#xe072;||divi||400&#8243; icon_placement=&#8220;left&#8220; admin_label=&#8220;Intelligente Funktionen&#8220; _builder_version=&#8220;4.16&#8243; use_circle=&#8220;off&#8220; use_circle_border=&#8220;off&#8220; global_colors_info=&#8220;{}&#8220;]Beispielsweise Entkopplung von R\u00e4dern, USB-Anschluss, Ablage f\u00fcr Werkzeuge.[\/et_pb_blurb][\/et_pb_column][\/et_pb_row][\/et_pb_section]<\/p>\n","protected":false},"excerpt":{"rendered":"<p>Gantic ASwww.gantic.noTecramwww.tecram.chStockmanwww.stockman.frKonetalovainikkakonetalovainikka.fi Miika MatikainenTehtaanedustajamiika.matikainen@safelift.se+358 451 896 808MST-Tradingmst-trading.dk SB Lift ApSsblift.dkHDWwww.hdwnl.come.m. works! GmbHem-works.de Schwenkschwenk-arbeitsbuehnen.deInterhermeswww.interhermes.comSafelift Sweden ABwww.safelift.seLevante Liftlevantelift.comGaynergayner.net Representante de la f\u00e1bricaMahkameh Gallego+34 627 222 535 Phoenix Mecano Espa\u00f1a, S.A.phoenix-mecano.esLAST MILE Systemswww.lastmile.atEncorp Co., Ltdwww.encorp.co.thGeorentgeorent.geLaadurlaadur.lvStoragesystemsstoragesystems.com.mtNLIFT d.o.o.www.inlift.siKorea Uni Com Co., Ltdkoreaunicom@daum.netAccessCo accesscomove.comHDWwww.hdw-polska.plHDWwww.hdwbelux.comEinzelh\u00e4ndler Wir suchen Einzelh\u00e4ndler in den Bereichen Geb\u00e4udemanagement, Einzelhandel, \u00f6ffentlicher Dienst und Gebrauchsg\u00fctermarkt. Bei Interesse f\u00fcr eine Vorf\u00fchrung [&hellip;]<\/p>\n","protected":false},"author":1,"featured_media":0,"parent":0,"menu_order":0,"comment_status":"closed","ping_status":"closed","template":"","meta":{"_et_pb_use_builder":"on","_et_pb_old_content":"","_et_gb_content_width":"","footnotes":""},"class_list":["post-1800","page","type-page","status-publish","hentry"],"yoast_head":"<!-- This site is optimized with the Yoast SEO plugin v27.5 - https:\/\/yoast.com\/product\/yoast-seo-wordpress\/ -->\n<title>Einzelh\u00e4ndler - Safelift - S\u00e4ulenlifte f\u00fcr den Innenbereich<\/title>\n<meta name=\"description\" content=\"Wir suchen Einzelh\u00e4ndler in den Bereichen Geb\u00e4udemanagement, Einzelhandel, \u00f6ffentlicher Dienst und Gebrauchsg\u00fctermarkt. Bei Interesse f\u00fcr eine Vorf\u00fchrung wenden Sie sich bitte an uns unter Verwendung des Kontaktformulars oder per E-Mail \u00fcber info@safelift.se.\" \/>\n<meta name=\"robots\" content=\"index, follow, max-snippet:-1, max-image-preview:large, max-video-preview:-1\" \/>\n<link rel=\"canonical\" href=\"https:\/\/www.safelift.se\/de\/einzelhandler\/\" \/>\n<meta property=\"og:locale\" content=\"de_DE\" \/>\n<meta property=\"og:type\" content=\"article\" \/>\n<meta property=\"og:title\" content=\"Einzelh\u00e4ndler - Safelift - S\u00e4ulenlifte f\u00fcr den Innenbereich\" \/>\n<meta property=\"og:description\" content=\"Wir suchen Einzelh\u00e4ndler in den Bereichen Geb\u00e4udemanagement, Einzelhandel, \u00f6ffentlicher Dienst und Gebrauchsg\u00fctermarkt. Bei Interesse f\u00fcr eine Vorf\u00fchrung wenden Sie sich bitte an uns unter Verwendung des Kontaktformulars oder per E-Mail \u00fcber info@safelift.se.\" \/>\n<meta property=\"og:url\" content=\"https:\/\/www.safelift.se\/de\/einzelhandler\/\" \/>\n<meta property=\"og:site_name\" content=\"Safelift\" \/>\n<meta property=\"article:publisher\" content=\"https:\/\/www.facebook.com\/Safelift\/\" \/>\n<meta property=\"article:modified_time\" content=\"2023-03-10T10:19:49+00:00\" \/>\n<meta property=\"og:image\" content=\"https:\/\/www.safelift.se\/wp-content\/uploads\/yoast-default.jpg\" \/>\n\t<meta property=\"og:image:width\" content=\"1200\" \/>\n\t<meta property=\"og:image:height\" content=\"675\" \/>\n\t<meta property=\"og:image:type\" content=\"image\/jpeg\" \/>\n<meta name=\"twitter:card\" content=\"summary_large_image\" \/>\n<meta name=\"twitter:label1\" content=\"Gesch\u00e4tzte Lesezeit\" \/>\n\t<meta name=\"twitter:data1\" content=\"3\u00a0Minuten\" \/>\n<script type=\"application\/ld+json\" class=\"yoast-schema-graph\">{\"@context\":\"https:\\\/\\\/schema.org\",\"@graph\":[{\"@type\":\"WebPage\",\"@id\":\"https:\\\/\\\/www.safelift.se\\\/de\\\/einzelhandler\\\/\",\"url\":\"https:\\\/\\\/www.safelift.se\\\/de\\\/einzelhandler\\\/\",\"name\":\"Einzelh\u00e4ndler - Safelift - S\u00e4ulenlifte f\u00fcr den Innenbereich\",\"isPartOf\":{\"@id\":\"https:\\\/\\\/www.safelift.se\\\/en\\\/#website\"},\"datePublished\":\"2018-02-14T11:58:06+00:00\",\"dateModified\":\"2023-03-10T10:19:49+00:00\",\"description\":\"Wir suchen Einzelh\u00e4ndler in den Bereichen Geb\u00e4udemanagement, Einzelhandel, \u00f6ffentlicher Dienst und Gebrauchsg\u00fctermarkt. Bei Interesse f\u00fcr eine Vorf\u00fchrung wenden Sie sich bitte an uns unter Verwendung des Kontaktformulars oder per E-Mail \u00fcber info@safelift.se.\",\"breadcrumb\":{\"@id\":\"https:\\\/\\\/www.safelift.se\\\/de\\\/einzelhandler\\\/#breadcrumb\"},\"inLanguage\":\"de\",\"potentialAction\":[{\"@type\":\"ReadAction\",\"target\":[\"https:\\\/\\\/www.safelift.se\\\/de\\\/einzelhandler\\\/\"]}]},{\"@type\":\"BreadcrumbList\",\"@id\":\"https:\\\/\\\/www.safelift.se\\\/de\\\/einzelhandler\\\/#breadcrumb\",\"itemListElement\":[{\"@type\":\"ListItem\",\"position\":1,\"name\":\"Hem\",\"item\":\"https:\\\/\\\/www.safelift.se\\\/de\\\/\"},{\"@type\":\"ListItem\",\"position\":2,\"name\":\"Einzelh\u00e4ndler\"}]},{\"@type\":\"WebSite\",\"@id\":\"https:\\\/\\\/www.safelift.se\\\/en\\\/#website\",\"url\":\"https:\\\/\\\/www.safelift.se\\\/en\\\/\",\"name\":\"Safelift\",\"description\":\"S\u00e4ulenlifte f\u00fcr den Innenbereich\",\"publisher\":{\"@id\":\"https:\\\/\\\/www.safelift.se\\\/en\\\/#organization\"},\"potentialAction\":[{\"@type\":\"SearchAction\",\"target\":{\"@type\":\"EntryPoint\",\"urlTemplate\":\"https:\\\/\\\/www.safelift.se\\\/en\\\/?s={search_term_string}\"},\"query-input\":{\"@type\":\"PropertyValueSpecification\",\"valueRequired\":true,\"valueName\":\"search_term_string\"}}],\"inLanguage\":\"de\"},{\"@type\":\"Organization\",\"@id\":\"https:\\\/\\\/www.safelift.se\\\/en\\\/#organization\",\"name\":\"Safelift\",\"url\":\"https:\\\/\\\/www.safelift.se\\\/en\\\/\",\"logo\":{\"@type\":\"ImageObject\",\"inLanguage\":\"de\",\"@id\":\"https:\\\/\\\/www.safelift.se\\\/en\\\/#\\\/schema\\\/logo\\\/image\\\/\",\"url\":\"https:\\\/\\\/www.safelift.se\\\/wp-content\\\/uploads\\\/platta.gif\",\"contentUrl\":\"https:\\\/\\\/www.safelift.se\\\/wp-content\\\/uploads\\\/platta.gif\",\"width\":487,\"height\":267,\"caption\":\"Safelift\"},\"image\":{\"@id\":\"https:\\\/\\\/www.safelift.se\\\/en\\\/#\\\/schema\\\/logo\\\/image\\\/\"},\"sameAs\":[\"https:\\\/\\\/www.facebook.com\\\/Safelift\\\/\"]}]}<\/script>\n<!-- \/ Yoast SEO plugin. -->","yoast_head_json":{"title":"Einzelh\u00e4ndler - Safelift - S\u00e4ulenlifte f\u00fcr den Innenbereich","description":"Wir suchen Einzelh\u00e4ndler in den Bereichen Geb\u00e4udemanagement, Einzelhandel, \u00f6ffentlicher Dienst und Gebrauchsg\u00fctermarkt. Bei Interesse f\u00fcr eine Vorf\u00fchrung wenden Sie sich bitte an uns unter Verwendung des Kontaktformulars oder per E-Mail \u00fcber info@safelift.se.","robots":{"index":"index","follow":"follow","max-snippet":"max-snippet:-1","max-image-preview":"max-image-preview:large","max-video-preview":"max-video-preview:-1"},"canonical":"https:\/\/www.safelift.se\/de\/einzelhandler\/","og_locale":"de_DE","og_type":"article","og_title":"Einzelh\u00e4ndler - Safelift - S\u00e4ulenlifte f\u00fcr den Innenbereich","og_description":"Wir suchen Einzelh\u00e4ndler in den Bereichen Geb\u00e4udemanagement, Einzelhandel, \u00f6ffentlicher Dienst und Gebrauchsg\u00fctermarkt. Bei Interesse f\u00fcr eine Vorf\u00fchrung wenden Sie sich bitte an uns unter Verwendung des Kontaktformulars oder per E-Mail \u00fcber info@safelift.se.","og_url":"https:\/\/www.safelift.se\/de\/einzelhandler\/","og_site_name":"Safelift","article_publisher":"https:\/\/www.facebook.com\/Safelift\/","article_modified_time":"2023-03-10T10:19:49+00:00","og_image":[{"width":1200,"height":675,"url":"https:\/\/www.safelift.se\/wp-content\/uploads\/yoast-default.jpg","type":"image\/jpeg"}],"twitter_card":"summary_large_image","twitter_misc":{"Gesch\u00e4tzte Lesezeit":"3\u00a0Minuten"},"schema":{"@context":"https:\/\/schema.org","@graph":[{"@type":"WebPage","@id":"https:\/\/www.safelift.se\/de\/einzelhandler\/","url":"https:\/\/www.safelift.se\/de\/einzelhandler\/","name":"Einzelh\u00e4ndler - Safelift - S\u00e4ulenlifte f\u00fcr den Innenbereich","isPartOf":{"@id":"https:\/\/www.safelift.se\/en\/#website"},"datePublished":"2018-02-14T11:58:06+00:00","dateModified":"2023-03-10T10:19:49+00:00","description":"Wir suchen Einzelh\u00e4ndler in den Bereichen Geb\u00e4udemanagement, Einzelhandel, \u00f6ffentlicher Dienst und Gebrauchsg\u00fctermarkt. Bei Interesse f\u00fcr eine Vorf\u00fchrung wenden Sie sich bitte an uns unter Verwendung des Kontaktformulars oder per E-Mail \u00fcber info@safelift.se.","breadcrumb":{"@id":"https:\/\/www.safelift.se\/de\/einzelhandler\/#breadcrumb"},"inLanguage":"de","potentialAction":[{"@type":"ReadAction","target":["https:\/\/www.safelift.se\/de\/einzelhandler\/"]}]},{"@type":"BreadcrumbList","@id":"https:\/\/www.safelift.se\/de\/einzelhandler\/#breadcrumb","itemListElement":[{"@type":"ListItem","position":1,"name":"Hem","item":"https:\/\/www.safelift.se\/de\/"},{"@type":"ListItem","position":2,"name":"Einzelh\u00e4ndler"}]},{"@type":"WebSite","@id":"https:\/\/www.safelift.se\/en\/#website","url":"https:\/\/www.safelift.se\/en\/","name":"Safelift","description":"S\u00e4ulenlifte f\u00fcr den Innenbereich","publisher":{"@id":"https:\/\/www.safelift.se\/en\/#organization"},"potentialAction":[{"@type":"SearchAction","target":{"@type":"EntryPoint","urlTemplate":"https:\/\/www.safelift.se\/en\/?s={search_term_string}"},"query-input":{"@type":"PropertyValueSpecification","valueRequired":true,"valueName":"search_term_string"}}],"inLanguage":"de"},{"@type":"Organization","@id":"https:\/\/www.safelift.se\/en\/#organization","name":"Safelift","url":"https:\/\/www.safelift.se\/en\/","logo":{"@type":"ImageObject","inLanguage":"de","@id":"https:\/\/www.safelift.se\/en\/#\/schema\/logo\/image\/","url":"https:\/\/www.safelift.se\/wp-content\/uploads\/platta.gif","contentUrl":"https:\/\/www.safelift.se\/wp-content\/uploads\/platta.gif","width":487,"height":267,"caption":"Safelift"},"image":{"@id":"https:\/\/www.safelift.se\/en\/#\/schema\/logo\/image\/"},"sameAs":["https:\/\/www.facebook.com\/Safelift\/"]}]}},"_links":{"self":[{"href":"https:\/\/www.safelift.se\/de\/wp-json\/wp\/v2\/pages\/1800","targetHints":{"allow":["GET"]}}],"collection":[{"href":"https:\/\/www.safelift.se\/de\/wp-json\/wp\/v2\/pages"}],"about":[{"href":"https:\/\/www.safelift.se\/de\/wp-json\/wp\/v2\/types\/page"}],"author":[{"embeddable":true,"href":"https:\/\/www.safelift.se\/de\/wp-json\/wp\/v2\/users\/1"}],"replies":[{"embeddable":true,"href":"https:\/\/www.safelift.se\/de\/wp-json\/wp\/v2\/comments?post=1800"}],"version-history":[{"count":0,"href":"https:\/\/www.safelift.se\/de\/wp-json\/wp\/v2\/pages\/1800\/revisions"}],"wp:attachment":[{"href":"https:\/\/www.safelift.se\/de\/wp-json\/wp\/v2\/media?parent=1800"}],"curies":[{"name":"wp","href":"https:\/\/api.w.org\/{rel}","templated":true}]}}